{"id":86,"date":"2024-10-24T15:24:56","date_gmt":"2024-10-24T13:24:56","guid":{"rendered":"https:\/\/petirosso.fr\/?page_id=86"},"modified":"2024-10-25T10:37:06","modified_gmt":"2024-10-25T08:37:06","slug":"contes-des-steppes-glacees-url","status":"publish","type":"page","link":"https:\/\/petirosso.fr\/index.php\/page-2\/contes-des-steppes-glacees-url\/","title":{"rendered":"Contes des steppes glac\u00e9es"},"content":{"rendered":"\n<h2 class=\"wp-block-heading has-large-font-size\">Spectacle de contes en musique<\/h2>\n\n\n\n<figure class=\"wp-block-image aligncenter size-full is-resized\"><img loading=\"lazy\" decoding=\"async\" width=\"564\" height=\"846\" src=\"http:\/\/petirosso.fr\/wp-content\/uploads\/2024\/10\/Contes-des-steppes-glacees-Affiche.png\" alt=\"\" class=\"wp-image-63\" style=\"width:467px;height:auto\" srcset=\"https:\/\/petirosso.fr\/wp-content\/uploads\/2024\/10\/Contes-des-steppes-glacees-Affiche.png 564w, https:\/\/petirosso.fr\/wp-content\/uploads\/2024\/10\/Contes-des-steppes-glacees-Affiche-200x300.png 200w\" sizes=\"auto, (max-width: 564px) 100vw, 564px\" \/><\/figure>\n\n\n\n<p class=\"has-luminous-vivid-orange-color has-text-color has-link-color has-medium-font-size wp-elements-4437cd012dfb11ce3f02d46f7bcbe0c2\"><strong>Puissance, magie et po\u00e9sie des l\u00e9gendes qui courent la steppe \u2026.<\/strong><\/p>\n\n\n\n<p class=\"has-small-font-size\">De l\u2019<mark style=\"background-color:rgba(0, 0, 0, 0);color:#208ca6\" class=\"has-inline-color\"><strong>Oural<\/strong><\/mark><mark style=\"background-color:rgba(0, 0, 0, 0);color:#5196a8\" class=\"has-inline-color\"> <\/mark>au <mark style=\"background-color:rgba(0, 0, 0, 0);color:#208ca6\" class=\"has-inline-color\"><strong>Kamtchtka<\/strong><\/mark>, de la <mark style=\"background-color:rgba(0, 0, 0, 0);color:#208ca6\" class=\"has-inline-color\"><strong>Sib\u00e9rie <\/strong><\/mark>aux plaines du <mark style=\"background-color:rgba(0, 0, 0, 0);color:#208ca6\" class=\"has-inline-color\"><strong>Qu\u00e9bec<\/strong><\/mark>, c\u2019est un univers \u00e9trange et merveilleux qui se d\u00e9couvre \u00e0 travers des r\u00e9cits ayant travers\u00e9 les \u00e2ges.<\/p>\n\n\n\n<p class=\"has-small-font-size\">Corbeau, li\u00e8vre et loutre nous apprennent l&#8217;amiti\u00e9, l&#8217;amour et la malice des peuples nomades. Les \u00e9leveurs de rennes et les chasseurs de morses, quant \u00e0 eux, affrontent la bise glac\u00e9e pour sauver leur amour ou leur village\u2026<\/p>\n\n\n\n<p class=\"has-small-font-size\">Gaela fera vibrer le public au son des accords puissants de la <strong><mark style=\"background-color:rgba(0, 0, 0, 0);color:#ee6d06\" class=\"has-inline-color\">harpe celtique<\/mark><\/strong>. Les spectateurs ressentiront jusqu&#8217;au fond de leurs corps la force des \u00e9l\u00e9ments qui bousculent hommes et b\u00eates dans ces paysages grandioses.<\/p>\n\n\n\n<hr class=\"wp-block-separator has-alpha-channel-opacity\"\/>\n\n\n\n<p class=\"has-small-font-size\">Cinq contes traditionnels des peuplades nomades pour d\u00e9couvrir la po\u00e9sie et la malice des habitants du grand froid.<\/p>\n\n\n\n<p class=\"has-small-font-size\">C\u2019est \u00ab&nbsp;<strong><mark style=\"background-color:rgba(0, 0, 0, 0);color:#28b3d0\" class=\"has-inline-color\">La loutre malicieuse<\/mark><\/strong>&nbsp;\u00bb qui s\u2019amuse de l\u2019orgueil des puissants.<\/p>\n\n\n\n<p class=\"has-small-font-size\">C\u2019est le petit bruant des neiges et \u00ab&nbsp;<strong><mark style=\"background-color:rgba(0, 0, 0, 0);color:#1d7e8e\" class=\"has-inline-color\">La chanson vol\u00e9e<\/mark><\/strong>&nbsp;\u00bb qui dupe le corbeau, mauvais voisin et mauvais mari, pour pr\u00e9server son bonheur.<\/p>\n\n\n\n<p class=\"has-small-font-size\">C\u2019est aussi <strong><mark style=\"background-color:rgba(0, 0, 0, 0);color:#1743a2\" class=\"has-inline-color\">Soholynlan<\/mark><\/strong>, le chasseur de morses, qui s\u2019en va dans les \u00e9toiles chercher son \u00e9pouse et apprendre \u00e0 l\u2019aimer.<\/p>\n\n\n\n<p class=\"has-small-font-size\">On croisera encore cette femme qui, dans un acc\u00e8s de col\u00e8re coupe le <strong><mark style=\"background-color:rgba(0, 0, 0, 0);color:#10d1f0\" class=\"has-inline-color\">feu<\/mark><\/strong>, au risque de priver \u00e0 tout jamais l\u2019humanit\u00e9 de lumi\u00e8re et de chaleur.<\/p>\n\n\n\n<p class=\"has-small-font-size\">On terminera cet \u00e9trange voyage avec <strong><mark style=\"background-color:rgba(0, 0, 0, 0);color:#186c73\" class=\"has-inline-color\">Wabasso <\/mark><\/strong>le li\u00e8vre qui part se r\u00e9fugier sur la Lune pour fuir ses peurs \u2026.<\/p>\n\n\n\n<hr class=\"wp-block-separator has-alpha-channel-opacity\"\/>\n\n\n\n<p class=\"has-small-font-size\"><em><strong>Public<\/strong>: \u00e0 partir de 8 ans<\/em><\/p>\n\n\n\n<p class=\"has-small-font-size\"><em><strong>Dur\u00e9e<\/strong>: 1h15 environ<\/em><\/p>\n","protected":false},"excerpt":{"rendered":"<p>Spectacle de contes en musique Puissance, magie et po\u00e9sie des l\u00e9gendes qui courent la steppe \u2026. De l\u2019Oural au Kamtchtka, de la Sib\u00e9rie aux plaines du Qu\u00e9bec, c\u2019est un univers \u00e9trange et merveilleux qui se d\u00e9couvre \u00e0 travers des r\u00e9cits ayant travers\u00e9 les \u00e2ges. Corbeau, li\u00e8vre et loutre nous apprennent l&#8217;amiti\u00e9, l&#8217;amour et la malice [&hellip;]<\/p>\n","protected":false},"author":1,"featured_media":0,"parent":16,"menu_order":1,"comment_status":"closed","ping_status":"closed","template":"","meta":{"footnotes":""},"class_list":["post-86","page","type-page","status-publish","hentry"],"_links":{"self":[{"href":"https:\/\/petirosso.fr\/index.php\/wp-json\/wp\/v2\/pages\/86","targetHints":{"allow":["GET"]}}],"collection":[{"href":"https:\/\/petirosso.fr\/index.php\/wp-json\/wp\/v2\/pages"}],"about":[{"href":"https:\/\/petirosso.fr\/index.php\/wp-json\/wp\/v2\/types\/page"}],"author":[{"embeddable":true,"href":"https:\/\/petirosso.fr\/index.php\/wp-json\/wp\/v2\/users\/1"}],"replies":[{"embeddable":true,"href":"https:\/\/petirosso.fr\/index.php\/wp-json\/wp\/v2\/comments?post=86"}],"version-history":[{"count":6,"href":"https:\/\/petirosso.fr\/index.php\/wp-json\/wp\/v2\/pages\/86\/revisions"}],"predecessor-version":[{"id":129,"href":"https:\/\/petirosso.fr\/index.php\/wp-json\/wp\/v2\/pages\/86\/revisions\/129"}],"up":[{"embeddable":true,"href":"https:\/\/petirosso.fr\/index.php\/wp-json\/wp\/v2\/pages\/16"}],"wp:attachment":[{"href":"https:\/\/petirosso.fr\/index.php\/wp-json\/wp\/v2\/media?parent=86"}],"curies":[{"name":"wp","href":"https:\/\/api.w.org\/{rel}","templated":true}]}}