{"id":36,"date":"2024-10-23T18:27:40","date_gmt":"2024-10-23T16:27:40","guid":{"rendered":"https:\/\/petirosso.fr\/?page_id=36"},"modified":"2024-11-12T11:49:12","modified_gmt":"2024-11-12T10:49:12","slug":"accueil","status":"publish","type":"page","link":"https:\/\/petirosso.fr\/index.php\/accueil\/","title":{"rendered":"Accueil"},"content":{"rendered":"\n<figure class=\"wp-block-image size-large is-resized\"><img loading=\"lazy\" decoding=\"async\" width=\"1024\" height=\"473\" src=\"http:\/\/petirosso.fr\/wp-content\/uploads\/2024\/10\/Visite-enchantee-01-1024x473.png\" alt=\"\" class=\"wp-image-56\" style=\"width:911px;height:auto\" srcset=\"https:\/\/petirosso.fr\/wp-content\/uploads\/2024\/10\/Visite-enchantee-01-1024x473.png 1024w, https:\/\/petirosso.fr\/wp-content\/uploads\/2024\/10\/Visite-enchantee-01-300x138.png 300w, https:\/\/petirosso.fr\/wp-content\/uploads\/2024\/10\/Visite-enchantee-01-768x355.png 768w, https:\/\/petirosso.fr\/wp-content\/uploads\/2024\/10\/Visite-enchantee-01-1536x709.png 1536w, https:\/\/petirosso.fr\/wp-content\/uploads\/2024\/10\/Visite-enchantee-01.png 1850w\" sizes=\"auto, (max-width: 1024px) 100vw, 1024px\" \/><\/figure>\n\n\n\n<p class=\"has-luminous-vivid-orange-color has-text-color has-link-color wp-elements-88d24a8fb86766febd1081ec768d3b52\"><strong>Un conte, comme un r\u00eave, un voyage au pays de l&#8217;imaginaire &#8230;<\/strong><\/p>\n\n\n\n<p class=\"has-foreground-color has-text-color has-link-color wp-elements-95e68d646b7b110b40dcafd5bafa8139\">Commencer un spectacle de contes, c&#8217;est ouvrir les portes de mon imaginaire et emmener ceux qui m&#8217;\u00e9coutent sur les chemins de mon histoire.<\/p>\n\n\n\n<p>Je suis toujours impatiente que le public rencontre les personnages de mon r\u00e9cit.<\/p>\n\n\n\n<p>On est ensemble, les deux pieds enracin\u00e9s dans le monde r\u00e9el &#8230;.. et l&#8217;instant d&#8217;apr\u00e8s, on est ensemble ailleurs, dans un monde o\u00f9 tout est possible&#8230;&#8230;.<\/p>\n\n\n\n<p>C&#8217;est un endroit o\u00f9 les arbres&nbsp;pleurent, o\u00f9 le soleil est amoureux d&#8217;une f\u00e9e. Un lieu o\u00f9 le vent peut arr\u00eater une arm\u00e9e. Quelque part o\u00f9 la musique&nbsp;a le pouvoir de reconstruire les \u00e2mes.<\/p>\n\n\n\n<div class=\"wp-block-group is-nowrap is-layout-flex wp-container-core-group-is-layout-6c531013 wp-block-group-is-layout-flex\">\n<figure class=\"wp-block-image size-full is-resized\"><img loading=\"lazy\" decoding=\"async\" width=\"338\" height=\"600\" src=\"http:\/\/petirosso.fr\/wp-content\/uploads\/2024\/10\/461298388_27070428115934477_1260951891258095960_n.jpg\" alt=\"\" class=\"wp-image-49\" style=\"width:192px;height:auto\" srcset=\"https:\/\/petirosso.fr\/wp-content\/uploads\/2024\/10\/461298388_27070428115934477_1260951891258095960_n.jpg 338w, https:\/\/petirosso.fr\/wp-content\/uploads\/2024\/10\/461298388_27070428115934477_1260951891258095960_n-169x300.jpg 169w\" sizes=\"auto, (max-width: 338px) 100vw, 338px\" \/><\/figure>\n\n\n\n<figure class=\"wp-block-image size-large is-resized\"><img loading=\"lazy\" decoding=\"async\" width=\"691\" height=\"1024\" src=\"http:\/\/petirosso.fr\/wp-content\/uploads\/2024\/10\/Quirieu-10-10-2023-q_4340-691x1024.jpg\" alt=\"\" class=\"wp-image-53\" style=\"width:235px;height:auto\" srcset=\"https:\/\/petirosso.fr\/wp-content\/uploads\/2024\/10\/Quirieu-10-10-2023-q_4340-691x1024.jpg 691w, https:\/\/petirosso.fr\/wp-content\/uploads\/2024\/10\/Quirieu-10-10-2023-q_4340-203x300.jpg 203w, https:\/\/petirosso.fr\/wp-content\/uploads\/2024\/10\/Quirieu-10-10-2023-q_4340-768x1138.jpg 768w, https:\/\/petirosso.fr\/wp-content\/uploads\/2024\/10\/Quirieu-10-10-2023-q_4340-1037x1536.jpg 1037w, https:\/\/petirosso.fr\/wp-content\/uploads\/2024\/10\/Quirieu-10-10-2023-q_4340.jpg 1296w\" sizes=\"auto, (max-width: 691px) 100vw, 691px\" \/><\/figure>\n\n\n\n<figure class=\"wp-block-image size-large is-resized\"><img loading=\"lazy\" decoding=\"async\" width=\"1024\" height=\"768\" src=\"http:\/\/petirosso.fr\/wp-content\/uploads\/2024\/10\/IMG-20240620-WA0001-1024x768.jpg\" alt=\"\" class=\"wp-image-51\" style=\"width:457px;height:auto\" srcset=\"https:\/\/petirosso.fr\/wp-content\/uploads\/2024\/10\/IMG-20240620-WA0001-1024x768.jpg 1024w, https:\/\/petirosso.fr\/wp-content\/uploads\/2024\/10\/IMG-20240620-WA0001-300x225.jpg 300w, https:\/\/petirosso.fr\/wp-content\/uploads\/2024\/10\/IMG-20240620-WA0001-768x576.jpg 768w, https:\/\/petirosso.fr\/wp-content\/uploads\/2024\/10\/IMG-20240620-WA0001-1536x1152.jpg 1536w, https:\/\/petirosso.fr\/wp-content\/uploads\/2024\/10\/IMG-20240620-WA0001.jpg 1600w\" sizes=\"auto, (max-width: 1024px) 100vw, 1024px\" \/><\/figure>\n<\/div>\n\n\n\n<p><mark style=\"background-color:rgba(0, 0, 0, 0)\" class=\"has-inline-color has-background-color\">Sandrine Stablo<\/mark><\/p>\n","protected":false},"excerpt":{"rendered":"<p>Un conte, comme un r\u00eave, un voyage au pays de l&#8217;imaginaire &#8230; Commencer un spectacle de contes, c&#8217;est ouvrir les portes de mon imaginaire et emmener ceux qui m&#8217;\u00e9coutent sur les chemins de mon histoire. Je suis toujours impatiente que le public rencontre les personnages de mon r\u00e9cit. On est ensemble, les deux pieds enracin\u00e9s [&hellip;]<\/p>\n","protected":false},"author":1,"featured_media":0,"parent":0,"menu_order":1,"comment_status":"closed","ping_status":"closed","template":"","meta":{"footnotes":""},"class_list":["post-36","page","type-page","status-publish","hentry"],"_links":{"self":[{"href":"https:\/\/petirosso.fr\/index.php\/wp-json\/wp\/v2\/pages\/36","targetHints":{"allow":["GET"]}}],"collection":[{"href":"https:\/\/petirosso.fr\/index.php\/wp-json\/wp\/v2\/pages"}],"about":[{"href":"https:\/\/petirosso.fr\/index.php\/wp-json\/wp\/v2\/types\/page"}],"author":[{"embeddable":true,"href":"https:\/\/petirosso.fr\/index.php\/wp-json\/wp\/v2\/users\/1"}],"replies":[{"embeddable":true,"href":"https:\/\/petirosso.fr\/index.php\/wp-json\/wp\/v2\/comments?post=36"}],"version-history":[{"count":8,"href":"https:\/\/petirosso.fr\/index.php\/wp-json\/wp\/v2\/pages\/36\/revisions"}],"predecessor-version":[{"id":313,"href":"https:\/\/petirosso.fr\/index.php\/wp-json\/wp\/v2\/pages\/36\/revisions\/313"}],"wp:attachment":[{"href":"https:\/\/petirosso.fr\/index.php\/wp-json\/wp\/v2\/media?parent=36"}],"curies":[{"name":"wp","href":"https:\/\/api.w.org\/{rel}","templated":true}]}}