{"id":316,"date":"2024-11-12T12:11:10","date_gmt":"2024-11-12T11:11:10","guid":{"rendered":"https:\/\/petirosso.fr\/?page_id=316"},"modified":"2024-11-12T12:11:10","modified_gmt":"2024-11-12T11:11:10","slug":"contact","status":"publish","type":"page","link":"https:\/\/petirosso.fr\/index.php\/contact\/","title":{"rendered":"Contact"},"content":{"rendered":"\n<p>Pour me contacter par <strong>mail <\/strong>:   sandrine.stablo@petirosso.fr<\/p>\n\n\n\n<p>Pour me contacter par <strong>t\u00e9l\u00e9phone <\/strong>:    06 77 79 68 25<\/p>\n\n\n\n<p>Pour plus d&#8217;actualit\u00e9s : <a href=\"https:\/\/www.facebook.com\/sandrine.stablo\">https:\/\/www.facebook.com\/sandrine.stablo<\/a><\/p>\n\n\n\n<p><\/p>\n","protected":false},"excerpt":{"rendered":"<p>Pour me contacter par mail : sandrine.stablo@petirosso.fr Pour me contacter par t\u00e9l\u00e9phone : 06 77 79 68 25 Pour plus d&#8217;actualit\u00e9s : https:\/\/www.facebook.com\/sandrine.stablo<\/p>\n","protected":false},"author":1,"featured_media":0,"parent":0,"menu_order":20,"comment_status":"closed","ping_status":"closed","template":"","meta":{"footnotes":""},"class_list":["post-316","page","type-page","status-publish","hentry"],"_links":{"self":[{"href":"https:\/\/petirosso.fr\/index.php\/wp-json\/wp\/v2\/pages\/316","targetHints":{"allow":["GET"]}}],"collection":[{"href":"https:\/\/petirosso.fr\/index.php\/wp-json\/wp\/v2\/pages"}],"about":[{"href":"https:\/\/petirosso.fr\/index.php\/wp-json\/wp\/v2\/types\/page"}],"author":[{"embeddable":true,"href":"https:\/\/petirosso.fr\/index.php\/wp-json\/wp\/v2\/users\/1"}],"replies":[{"embeddable":true,"href":"https:\/\/petirosso.fr\/index.php\/wp-json\/wp\/v2\/comments?post=316"}],"version-history":[{"count":1,"href":"https:\/\/petirosso.fr\/index.php\/wp-json\/wp\/v2\/pages\/316\/revisions"}],"predecessor-version":[{"id":317,"href":"https:\/\/petirosso.fr\/index.php\/wp-json\/wp\/v2\/pages\/316\/revisions\/317"}],"wp:attachment":[{"href":"https:\/\/petirosso.fr\/index.php\/wp-json\/wp\/v2\/media?parent=316"}],"curies":[{"name":"wp","href":"https:\/\/api.w.org\/{rel}","templated":true}]}}