{"id":304,"date":"2024-11-07T17:48:13","date_gmt":"2024-11-07T16:48:13","guid":{"rendered":"https:\/\/petirosso.fr\/?page_id=304"},"modified":"2026-02-06T17:24:31","modified_gmt":"2026-02-06T16:24:31","slug":"actualite","status":"publish","type":"page","link":"https:\/\/petirosso.fr\/index.php\/actualite\/","title":{"rendered":"Actualit\u00e9"},"content":{"rendered":"\n<p><mark style=\"background-color:#ffe2c7\" class=\"has-inline-color\">La t\u00eate pleine de r\u00eaves, je vous propose un <strong>bouquet de spectacles<\/strong> \u00e0 la d\u00e9couverte de lieux, d&#8217;univers et d&#8217;imaginaires pour voyager dans des mondes lointains et f\u00e9\u00e9riques aux portes de chez vous !<\/mark><\/p>\n\n\n\n<div class=\"wp-block-columns is-layout-flex wp-container-core-columns-is-layout-28f84493 wp-block-columns-is-layout-flex\">\n<div class=\"wp-block-column is-layout-flow wp-block-column-is-layout-flow\">\n<figure class=\"wp-block-image size-large\"><img loading=\"lazy\" decoding=\"async\" width=\"1024\" height=\"771\" src=\"https:\/\/petirosso.fr\/wp-content\/uploads\/2026\/02\/Steppes-glacees-01-1-1024x771.png\" alt=\"\" class=\"wp-image-375\" style=\"aspect-ratio:0.7407803123386221;object-fit:cover\" srcset=\"https:\/\/petirosso.fr\/wp-content\/uploads\/2026\/02\/Steppes-glacees-01-1-1024x771.png 1024w, https:\/\/petirosso.fr\/wp-content\/uploads\/2026\/02\/Steppes-glacees-01-1-300x226.png 300w, https:\/\/petirosso.fr\/wp-content\/uploads\/2026\/02\/Steppes-glacees-01-1-768x578.png 768w, https:\/\/petirosso.fr\/wp-content\/uploads\/2026\/02\/Steppes-glacees-01-1-1536x1157.png 1536w, https:\/\/petirosso.fr\/wp-content\/uploads\/2026\/02\/Steppes-glacees-01-1-2048x1543.png 2048w\" sizes=\"auto, (max-width: 1024px) 100vw, 1024px\" \/><\/figure>\n<\/div>\n\n\n\n<div class=\"wp-block-column is-layout-flow wp-block-column-is-layout-flow\">\n<figure class=\"wp-block-image size-large is-resized\"><img loading=\"lazy\" decoding=\"async\" width=\"682\" height=\"1024\" src=\"https:\/\/petirosso.fr\/wp-content\/uploads\/2026\/02\/Cavale-du-Rhone-q_7229-682x1024.jpg\" alt=\"\" class=\"wp-image-365\" style=\"aspect-ratio:0.6660262568043548;width:183px;height:auto\" srcset=\"https:\/\/petirosso.fr\/wp-content\/uploads\/2026\/02\/Cavale-du-Rhone-q_7229-682x1024.jpg 682w, https:\/\/petirosso.fr\/wp-content\/uploads\/2026\/02\/Cavale-du-Rhone-q_7229-200x300.jpg 200w, https:\/\/petirosso.fr\/wp-content\/uploads\/2026\/02\/Cavale-du-Rhone-q_7229-768x1153.jpg 768w, https:\/\/petirosso.fr\/wp-content\/uploads\/2026\/02\/Cavale-du-Rhone-q_7229-1023x1536.jpg 1023w, https:\/\/petirosso.fr\/wp-content\/uploads\/2026\/02\/Cavale-du-Rhone-q_7229.jpg 1281w\" sizes=\"auto, (max-width: 682px) 100vw, 682px\" \/><\/figure>\n<\/div>\n\n\n\n<div class=\"wp-block-column is-layout-flow wp-block-column-is-layout-flow\">\n<figure class=\"wp-block-image size-large is-resized\"><img loading=\"lazy\" decoding=\"async\" width=\"576\" height=\"1024\" src=\"https:\/\/petirosso.fr\/wp-content\/uploads\/2026\/02\/IMG-20250530-WA0008-576x1024.jpg\" alt=\"\" class=\"wp-image-374\" style=\"aspect-ratio:0.6666839700996677;object-fit:cover;width:183px;height:auto\" srcset=\"https:\/\/petirosso.fr\/wp-content\/uploads\/2026\/02\/IMG-20250530-WA0008-576x1024.jpg 576w, https:\/\/petirosso.fr\/wp-content\/uploads\/2026\/02\/IMG-20250530-WA0008-169x300.jpg 169w, https:\/\/petirosso.fr\/wp-content\/uploads\/2026\/02\/IMG-20250530-WA0008-768x1365.jpg 768w, https:\/\/petirosso.fr\/wp-content\/uploads\/2026\/02\/IMG-20250530-WA0008-864x1536.jpg 864w, https:\/\/petirosso.fr\/wp-content\/uploads\/2026\/02\/IMG-20250530-WA0008.jpg 900w\" sizes=\"auto, (max-width: 576px) 100vw, 576px\" \/><\/figure>\n<\/div>\n<\/div>\n\n\n\n<p class=\"has-small-font-size\">Mercredi 25 f\u00e9vrier 16h &#8211; <mark style=\"background-color:rgba(0, 0, 0, 0);color:#0693e3\" class=\"has-inline-color\"><strong>Voyage au pays de l&#8217;hiver<\/strong><\/mark> &#8211; M\u00e9diath\u00e8que de Saint Maurice l&#8217;Exil (\u00e0 partir de  5 ans)<\/p>\n\n\n\n<p class=\"has-small-font-size\">Mercredi 18 mars 16h &#8211; <strong><mark style=\"background-color:rgba(0, 0, 0, 0);color:#00d084\" class=\"has-inline-color\">Fleurs de printemps<\/mark><\/strong> &#8211; M\u00e9diath\u00e8que de Saint Maurice l&#8217;Exil (\u00e0 partir de  5 ans)<\/p>\n\n\n\n<p class=\"has-small-font-size\">Vendredi 27 mars soir\u00e9e &#8211; <strong><mark style=\"background-color:rgba(0, 0, 0, 0);color:#8ed1fc\" class=\"has-inline-color\">Au fil du Rh\u00f4ne, les contes du brochet<\/mark><\/strong> &#8211; Spectacle de contes en musique avec Xavier Benichou &#8211; Montalieu-Vercieu Auditorium Ninon Vallin (\u00e0 partir de 6ans)<\/p>\n\n\n\n<p class=\"has-small-font-size\">Samedi 11 avril 19h &#8211; <strong><mark style=\"background-color:rgba(0, 0, 0, 0);color:#7bdcb5\" class=\"has-inline-color\">Songes \u00e0 l&#8217;ombre des images <\/mark><\/strong>&#8211; D\u00e9couverte cont\u00e9e de l&#8217;exposition &#8220;Jacqueline Salmon &#8211; Desseins et autres destins&#8221; Fondation Renaud au Fort de Vaise (\u00e0 partir de 8 ans)<\/p>\n\n\n\n<p class=\"has-small-font-size\">Mercredi 22 avril 16h &#8211; <strong><mark style=\"background-color:rgba(0, 0, 0, 0);color:#f78da7\" class=\"has-inline-color\">Floril\u00e8ges de contes entre les pages<\/mark><\/strong> &#8211; M\u00e9diath\u00e8que de Saint Maurice l&#8217;Exil (\u00e0 partir de  5 ans)<\/p>\n\n\n\n<p class=\"has-small-font-size\">Dimanche 26 avril 15h &#8211; <strong><mark style=\"background-color:rgba(0, 0, 0, 0);color:#7bdcb5\" class=\"has-inline-color\">Songes \u00e0 l&#8217;ombre des images <\/mark><\/strong>&#8211; D\u00e9couverte cont\u00e9e de l&#8217;exposition &#8220;Jacqueline Salmon &#8211; Desseins et autres destins&#8221; Fondation Renaud au Fort de Vaise (\u00e0 partir de 8 ans)<\/p>\n\n\n\n<p class=\"has-small-font-size\">Mercredi 6 mai 14h &#8211; <mark style=\"background-color:rgba(0, 0, 0, 0);color:#cf2e2e\" class=\"has-inline-color\"><strong>Le peintre sans tableau<\/strong><\/mark> &#8211; Spectacle de contes en musique avec Xavier Benichou &#8211; Organis\u00e9 par le CCAS de l&#8217;Isle d&#8217;Abeau au Jardin solidaire de la ville (\u00e0 partir de 6 ans)<\/p>\n\n\n\n<p class=\"has-small-font-size\">Dimanche 10 mai 15h &#8211; <strong><mark style=\"background-color:rgba(0, 0, 0, 0);color:#7bdcb5\" class=\"has-inline-color\">Songes \u00e0 l&#8217;ombre des images <\/mark><\/strong>&#8211; D\u00e9couverte cont\u00e9e de l&#8217;exposition &#8220;Jacqueline Salmon &#8211; Desseins et autres destins&#8221; Fondation Renaud au Fort de Vaise (\u00e0 partir de 8 ans)<\/p>\n\n\n\n<p class=\"has-small-font-size\">Mercredi 20 mai 16h &#8211; <strong><mark style=\"background-color:rgba(0, 0, 0, 0);color:#8ed1fc\" class=\"has-inline-color\">Les contes \u00e0 la biblioth\u00e8que<\/mark><\/strong> &#8211; M\u00e9diath\u00e8que de Revel Tourdan (\u00e0 partir de 5 ans)<\/p>\n\n\n\n<p class=\"has-small-font-size\">Samedi 23 mai 20h &#8211; <strong><mark style=\"background-color:rgba(0, 0, 0, 0);color:#ff6900\" class=\"has-inline-color\">La ballade de la pirogue<\/mark><\/strong> &#8211; Spectacle de contes en musique avec Gaela Le B\u00e9chec &#8211; Mus\u00e9e gallo-romain d&#8217;Aoste (\u00e0 partir de 8 ans)<\/p>\n\n\n\n<p class=\"has-small-font-size\">Dimanche 24 mai 15h &#8211; <strong><mark style=\"background-color:rgba(0, 0, 0, 0);color:#ff6900\" class=\"has-inline-color\">La ballade de la pirogue<\/mark><\/strong> &#8211; Spectacle de contes en musique avec Gaela Le B\u00e9chec &#8211; Mus\u00e9e gallo-romain d&#8217;Aoste (\u00e0 partir de 8 ans)<\/p>\n\n\n\n<p class=\"has-small-font-size\">Mercredi 27 mai 16h &#8211; <strong><mark style=\"background-color:rgba(0, 0, 0, 0);color:#f78da7\" class=\"has-inline-color\">Floril\u00e8ges de contes entre les pages<\/mark><\/strong> &#8211; M\u00e9diath\u00e8que de Saint Maurice l&#8217;Exil (\u00e0 partir de  5 ans)<\/p>\n\n\n\n<p class=\"has-small-font-size\">Samedi 13 juin 16h30 &#8211; <strong><mark style=\"background-color:rgba(0, 0, 0, 0);color:#9b51e0\" class=\"has-inline-color\">Le puits des vies oubli\u00e9es<\/mark><\/strong> &#8211; Mus\u00e9e arch\u00e9ologique d&#8217;Izernore (\u00e0 partir de 8 ans)<\/p>\n\n\n\n<p class=\"has-small-font-size\">Dimanche 14 juin 16h30 &#8211; <strong><mark style=\"background-color:rgba(0, 0, 0, 0);color:#9b51e0\" class=\"has-inline-color\">Le puits des vies oubli\u00e9es<\/mark><\/strong> &#8211; Mus\u00e9e arch\u00e9ologique d&#8217;Izernore (\u00e0 partir de 8 ans)<\/p>\n\n\n\n<p><\/p>\n","protected":false},"excerpt":{"rendered":"<p>La t\u00eate pleine de r\u00eaves, je vous propose un bouquet de spectacles \u00e0 la d\u00e9couverte de lieux, d&#8217;univers et d&#8217;imaginaires pour voyager dans des mondes lointains et f\u00e9\u00e9riques aux portes de chez vous ! Mercredi 25 f\u00e9vrier 16h &#8211; Voyage au pays de l&#8217;hiver &#8211; M\u00e9diath\u00e8que de Saint Maurice l&#8217;Exil (\u00e0 partir de 5 ans) [&hellip;]<\/p>\n","protected":false},"author":1,"featured_media":0,"parent":0,"menu_order":2,"comment_status":"closed","ping_status":"closed","template":"","meta":{"footnotes":""},"class_list":["post-304","page","type-page","status-publish","hentry"],"_links":{"self":[{"href":"https:\/\/petirosso.fr\/index.php\/wp-json\/wp\/v2\/pages\/304","targetHints":{"allow":["GET"]}}],"collection":[{"href":"https:\/\/petirosso.fr\/index.php\/wp-json\/wp\/v2\/pages"}],"about":[{"href":"https:\/\/petirosso.fr\/index.php\/wp-json\/wp\/v2\/types\/page"}],"author":[{"embeddable":true,"href":"https:\/\/petirosso.fr\/index.php\/wp-json\/wp\/v2\/users\/1"}],"replies":[{"embeddable":true,"href":"https:\/\/petirosso.fr\/index.php\/wp-json\/wp\/v2\/comments?post=304"}],"version-history":[{"count":22,"href":"https:\/\/petirosso.fr\/index.php\/wp-json\/wp\/v2\/pages\/304\/revisions"}],"predecessor-version":[{"id":376,"href":"https:\/\/petirosso.fr\/index.php\/wp-json\/wp\/v2\/pages\/304\/revisions\/376"}],"wp:attachment":[{"href":"https:\/\/petirosso.fr\/index.php\/wp-json\/wp\/v2\/media?parent=304"}],"curies":[{"name":"wp","href":"https:\/\/api.w.org\/{rel}","templated":true}]}}