{"id":218,"date":"2024-10-28T15:58:28","date_gmt":"2024-10-28T14:58:28","guid":{"rendered":"https:\/\/petirosso.fr\/?page_id=218"},"modified":"2025-01-08T10:18:16","modified_gmt":"2025-01-08T09:18:16","slug":"rever-le-patrimoine","status":"publish","type":"page","link":"https:\/\/petirosso.fr\/index.php\/rever-le-patrimoine\/","title":{"rendered":"R\u00eaver le patrimoine"},"content":{"rendered":"\n<p class=\"has-large-font-size\"><strong>Derri\u00e8re chaque pierre se cache un myst\u00e8re &#8230;.<\/strong> <strong>il suffit d&#8217;\u00e9couter pour entendre<\/strong><\/p>\n\n\n\n<div style=\"height:26px\" aria-hidden=\"true\" class=\"wp-block-spacer\"><\/div>\n\n\n\n<p class=\"has-small-font-size\" style=\"margin-top:var(--wp--preset--spacing--20);margin-bottom:var(--wp--preset--spacing--20)\">A travers plusieurs partenariats, j&#8217;ai la chance de pouvoir faire <strong><mark style=\"background-color:rgba(0, 0, 0, 0);color:#f48016\" class=\"has-inline-color\">r\u00eaver les vieilles pierres<\/mark><\/strong> et les <mark style=\"background-color:rgba(0, 0, 0, 0);color:#f48016\" class=\"has-inline-color\"><strong>sites naturels<\/strong><\/mark> remarquables de la r\u00e9gion.<\/p>\n\n\n\n<p class=\"has-small-font-size\" style=\"margin-top:var(--wp--preset--spacing--20);margin-bottom:var(--wp--preset--spacing--20)\">C&#8217;est une autre fa\u00e7on de visiter, une mani\u00e8re diff\u00e9rente de <mark style=\"background-color:rgba(0, 0, 0, 0);color:#f48016\" class=\"has-inline-color\"><strong>ressentir l&#8217;histoire<\/strong><\/mark> qui a marqu\u00e9 notre territoire et la nature qui nous entoure.<\/p>\n\n\n\n<div style=\"height:26px\" aria-hidden=\"true\" class=\"wp-block-spacer\"><\/div>\n\n\n\n<p class=\"has-small-font-size\" style=\"margin-top:var(--wp--preset--spacing--20);margin-bottom:var(--wp--preset--spacing--20)\">Apr\u00e8s un soigneux travail d&#8217;<strong><mark style=\"background-color:rgba(0, 0, 0, 0);color:#fa5c0a\" class=\"has-inline-color\">\u00e9coute<\/mark><\/strong> et de <mark style=\"background-color:rgba(0, 0, 0, 0);color:#fa5c0a\" class=\"has-inline-color\"><strong>documentation<\/strong><\/mark>, je m&#8217;impr\u00e8gne de l&#8217;ambiance de l&#8217;endroit, j&#8217;\u00e9coute ce que les pierres, les arbres, les vestiges m&#8217;\u00e9voquent. Lentement, j&#8217;imagine ceux qui ont v\u00e9cu l\u00e0, ce qu&#8217;ils ont pu ressentir. Je suis aussi \u00e0 l&#8217;\u00e9coute de mes propres <mark style=\"background-color:rgba(0, 0, 0, 0);color:#fa5c0a\" class=\"has-inline-color\"><strong>\u00e9motions<\/strong><\/mark>, de ce que j&#8217;ai envie de dire des lieux&#8230;.<\/p>\n\n\n\n<p class=\"has-small-font-size\" style=\"margin-top:var(--wp--preset--spacing--20);margin-bottom:var(--wp--preset--spacing--20)\">Puis les images viennent. Des femmes, des hommes, des enfants se dessinent et prennent vie.<\/p>\n\n\n\n<p class=\"has-small-font-size\" style=\"margin-top:var(--wp--preset--spacing--20);margin-bottom:var(--wp--preset--spacing--20)\">Doucement, la <strong><mark style=\"background-color:rgba(0, 0, 0, 0);color:#f13315\" class=\"has-inline-color\">f\u00e9\u00e9rie <\/mark><\/strong>s&#8217;installe et donne une <strong><mark style=\"background-color:rgba(0, 0, 0, 0);color:#f13315\" class=\"has-inline-color\">voix <\/mark><\/strong>aux pierres, aux herbes, aux lacs, aux montagnes et au vent.<\/p>\n\n\n\n<div style=\"height:26px\" aria-hidden=\"true\" class=\"wp-block-spacer\"><\/div>\n\n\n\n<p class=\"has-small-font-size\">Au fil des ann\u00e9es, sollicit\u00e9e par diff\u00e9rents acteurs du patrimoine, j&#8217;ai cr\u00e9\u00e9 de nombreuses balades cont\u00e9es \u00e0 partir des \u00e9l\u00e9ments historiques qui m&#8217;ont \u00e9t\u00e9 fournis sur chacun de ces lieux.<\/p>\n\n\n\n<div style=\"height:26px\" aria-hidden=\"true\" class=\"wp-block-spacer\"><\/div>\n\n\n\n<p><strong><mark style=\"background-color:#ffe2c7\" class=\"has-inline-color\">avec l&#8217;Office de tourisme des Balcons du Dauphin\u00e9:<\/mark><\/strong><\/p>\n\n\n\n<div class=\"wp-block-group is-nowrap is-layout-flex wp-container-core-group-is-layout-6c531013 wp-block-group-is-layout-flex\">\n<figure class=\"wp-block-image size-large is-resized\"><img loading=\"lazy\" decoding=\"async\" width=\"683\" height=\"1024\" src=\"https:\/\/petirosso.fr\/wp-content\/uploads\/2024\/10\/DSC_0280-1-683x1024.jpeg\" alt=\"\" class=\"wp-image-259\" style=\"width:143px;height:auto\" srcset=\"https:\/\/petirosso.fr\/wp-content\/uploads\/2024\/10\/DSC_0280-1-683x1024.jpeg 683w, https:\/\/petirosso.fr\/wp-content\/uploads\/2024\/10\/DSC_0280-1-200x300.jpeg 200w, https:\/\/petirosso.fr\/wp-content\/uploads\/2024\/10\/DSC_0280-1-768x1152.jpeg 768w, https:\/\/petirosso.fr\/wp-content\/uploads\/2024\/10\/DSC_0280-1-1024x1536.jpeg 1024w, https:\/\/petirosso.fr\/wp-content\/uploads\/2024\/10\/DSC_0280-1-1365x2048.jpeg 1365w, https:\/\/petirosso.fr\/wp-content\/uploads\/2024\/10\/DSC_0280-1-scaled.jpeg 1707w\" sizes=\"auto, (max-width: 683px) 100vw, 683px\" \/><\/figure>\n\n\n\n<figure class=\"wp-block-image size-large is-resized\"><img loading=\"lazy\" decoding=\"async\" width=\"1024\" height=\"768\" src=\"https:\/\/petirosso.fr\/wp-content\/uploads\/2024\/10\/Sentier-Envirhona-03-1-1024x768.png\" alt=\"\" class=\"wp-image-260\" style=\"width:290px;height:auto\" srcset=\"https:\/\/petirosso.fr\/wp-content\/uploads\/2024\/10\/Sentier-Envirhona-03-1-1024x768.png 1024w, https:\/\/petirosso.fr\/wp-content\/uploads\/2024\/10\/Sentier-Envirhona-03-1-300x225.png 300w, https:\/\/petirosso.fr\/wp-content\/uploads\/2024\/10\/Sentier-Envirhona-03-1-768x576.png 768w, https:\/\/petirosso.fr\/wp-content\/uploads\/2024\/10\/Sentier-Envirhona-03-1-1536x1152.png 1536w, https:\/\/petirosso.fr\/wp-content\/uploads\/2024\/10\/Sentier-Envirhona-03-1.png 1600w\" sizes=\"auto, (max-width: 1024px) 100vw, 1024px\" \/><\/figure>\n\n\n\n<figure class=\"wp-block-image size-large is-resized\"><img loading=\"lazy\" decoding=\"async\" width=\"691\" height=\"1024\" src=\"https:\/\/petirosso.fr\/wp-content\/uploads\/2024\/10\/Nuit-blanche-2023-Saugey3685-1-691x1024.jpg\" alt=\"\" class=\"wp-image-261\" style=\"width:151px;height:auto\" srcset=\"https:\/\/petirosso.fr\/wp-content\/uploads\/2024\/10\/Nuit-blanche-2023-Saugey3685-1-691x1024.jpg 691w, https:\/\/petirosso.fr\/wp-content\/uploads\/2024\/10\/Nuit-blanche-2023-Saugey3685-1-202x300.jpg 202w, https:\/\/petirosso.fr\/wp-content\/uploads\/2024\/10\/Nuit-blanche-2023-Saugey3685-1-768x1138.jpg 768w, https:\/\/petirosso.fr\/wp-content\/uploads\/2024\/10\/Nuit-blanche-2023-Saugey3685-1-1036x1536.jpg 1036w, https:\/\/petirosso.fr\/wp-content\/uploads\/2024\/10\/Nuit-blanche-2023-Saugey3685-1.jpg 1328w\" sizes=\"auto, (max-width: 691px) 100vw, 691px\" \/><\/figure>\n<\/div>\n\n\n\n<ul class=\"wp-block-list\">\n<li class=\"has-small-font-size\">&#8220;<strong>Le Myst\u00e8re des fresques de Saint chef<\/strong> &#8221;  Pour l&#8217;\u00e9glise abbatiale de l&#8217;ancienne abbaye b\u00e9n\u00e9dictine de Saint Chef, \u00e0 partir de la lecture symbolique des fresques de la chapelle haute, une enqu\u00eate pleine de rebondissements au XI<sup>\u00e8me<\/sup> si\u00e8cle, quand un peintre a peur d&#8217;\u00eatre accus\u00e9 de sorcellerie lorsque les personnages qu&#8217;il a dessin\u00e9 sur les murs sortent de ses fresques et prennent vie.<\/li>\n\n\n\n<li class=\"has-small-font-size\">&#8220;<strong>Sur les traces des Templiers de Tirieu<\/strong>&#8221;  D\u00e9couverte de cette modeste commanderie templi\u00e8re situ\u00e9e sur la commune de Courtenay en Is\u00e8re \u00e0 travers le parcours de Geoffroy, jeune moine, confront\u00e9 \u00e0 des ph\u00e9nom\u00e8nes \u00e9tranges qui pourraient bien \u00e9voquer la pr\u00e9sence du Diable et de son arm\u00e9e de d\u00e9mons &#8230;.<\/li>\n\n\n\n<li class=\"has-small-font-size\">&#8220;<strong>Damien, de pierres en carri\u00e8re<\/strong>&#8221;   D\u00e9ambuler dans le village de Porcieu-Amblagnieu, comprendre les vestiges et voyager dans le temps pour d\u00e9couvrir le riche patrimoine des carri\u00e8res de pierres avec ce jeune homme quand il se trouve plong\u00e9 au XIX<sup>\u00e8me <\/sup>si\u00e8cle pour apprendre \u00e0 aimer son m\u00e9tier de tailleur de pierres.<\/li>\n\n\n\n<li class=\"has-small-font-size\">&#8220;<strong>Les secrets du p\u00e9nitencier du Saugey<\/strong>&#8221;  A la nuit tomb\u00e9e, entrer dans ce joli m\u00e9andre du Rh\u00f4ne, s&#8217;enfoncer dans le marais, croiser les Golacks, inqui\u00e9tantes cr\u00e9atures de boue aux pouvoirs puissants, et d\u00e9couvrir l&#8217;aust\u00e8re monast\u00e8re de l&#8217;ordre de Saint L\u00e9onard, jadis lieu d&#8217;accueil pour les exclus de la soci\u00e9t\u00e9 en voie de r\u00e9insertion.<\/li>\n\n\n\n<li class=\"has-small-font-size\">&#8220;<strong>L&#8217;\u00e9trange oiseline de Vertrieu<\/strong>&#8221;   Un charmant petit village, deux ch\u00e2teaux et le Rh\u00f4ne; tel est le d\u00e9cor de ce conte tout en douceur et en po\u00e9sie qui retrace l&#8217;histoire de ce lieu paisible \u00e0 travers les \u00e2ges en suivant le destin de la femme-oiseau qui habite les lieux depuis le c\u0153ur du Moyen-\u00e2ge.<\/li>\n\n\n\n<li class=\"has-small-font-size\">&#8220;<strong>Au c\u0153ur des l\u00f4nes<\/strong>&#8221;   Sur la commune des Aveni\u00e8res, se glisser dans cet enchev\u00eatrement des bras du fleuve et, pas \u00e0 pas, apprendre \u00e0 conna\u00eetre les \u00eatres myst\u00e9rieux qui habitent marais et brouillards depuis toujours en accompagnant la vie des hommes dans ces lieux secrets.<\/li>\n<\/ul>\n\n\n\n<p><strong><mark style=\"background-color:#ffe2c7\" class=\"has-inline-color\">dans les jardins du Ch\u00e2teau de Virieu<\/mark><\/strong><\/p>\n\n\n\n<div class=\"wp-block-group is-content-justification-space-between is-nowrap is-layout-flex wp-container-core-group-is-layout-cb46ffcb wp-block-group-is-layout-flex\">\n<figure class=\"wp-block-image size-full is-resized\"><img loading=\"lazy\" decoding=\"async\" width=\"647\" height=\"364\" src=\"http:\/\/petirosso.fr\/wp-content\/uploads\/2024\/10\/Virieu-2019-09.jpg\" alt=\"\" class=\"wp-image-263\" style=\"width:334px;height:auto\" srcset=\"https:\/\/petirosso.fr\/wp-content\/uploads\/2024\/10\/Virieu-2019-09.jpg 647w, https:\/\/petirosso.fr\/wp-content\/uploads\/2024\/10\/Virieu-2019-09-300x169.jpg 300w\" sizes=\"auto, (max-width: 647px) 100vw, 647px\" \/><\/figure>\n\n\n\n<figure class=\"wp-block-image size-large is-resized\"><img loading=\"lazy\" decoding=\"async\" width=\"1024\" height=\"768\" src=\"http:\/\/petirosso.fr\/wp-content\/uploads\/2024\/10\/Virieu-Balade-04-1024x768.png\" alt=\"\" class=\"wp-image-265\" style=\"width:250px;height:auto\" srcset=\"https:\/\/petirosso.fr\/wp-content\/uploads\/2024\/10\/Virieu-Balade-04-1024x768.png 1024w, https:\/\/petirosso.fr\/wp-content\/uploads\/2024\/10\/Virieu-Balade-04-300x225.png 300w, https:\/\/petirosso.fr\/wp-content\/uploads\/2024\/10\/Virieu-Balade-04-768x576.png 768w, https:\/\/petirosso.fr\/wp-content\/uploads\/2024\/10\/Virieu-Balade-04.png 1440w\" sizes=\"auto, (max-width: 1024px) 100vw, 1024px\" \/><\/figure>\n<\/div>\n\n\n\n<ul class=\"wp-block-list\">\n<li class=\"has-small-font-size\">&#8220;<strong>L&#8217;\u00e9trange grimoire du ch\u00e2teau de Virieu<\/strong>&#8221;  Un voyage entre deux \u00e2ges avec Mathilde pour comprendre le glorieux pass\u00e9 m\u00e9di\u00e9vale du ch\u00e2teau et sa renaissance au XVII<sup>\u00e8me<\/sup><sub><sup> <\/sup><\/sub>si\u00e8cle. Avec la jeune fille, entendre les arbres du domaine, les \u00eatres singuliers qui les habitent et d\u00e9couvrir le secret enfoui dans les entrailles de la terre pour veiller sur les lieux.<\/li>\n\n\n\n<li class=\"has-small-font-size\">&#8220;<strong>F\u00e9\u00e9rie pour un enfant r\u00eaveur<\/strong>&#8221;   Une balade cont\u00e9e exp\u00e9rimentale sp\u00e9cialement con\u00e7ue pour le jeunes enfants. Ils d\u00e9couvrent le ch\u00e2teau au moment de sa construction en suivant les pas de Gauthier, petit gar\u00e7on de 6 ans qui r\u00eave de devenir sculpteur. A chaque \u00e9tape, le jeune public exp\u00e9rimente un des cinq sens, comme le jeune h\u00e9ros dont il suit l&#8217;aventure.<\/li>\n<\/ul>\n\n\n\n<p><strong><mark style=\"background-color:#ffe2c7\" class=\"has-inline-color\">avec le Pays d&#8217;Art et d&#8217;Histoire du Pays Voironnais<\/mark><\/strong><\/p>\n\n\n\n<div class=\"wp-block-group is-nowrap is-layout-flex wp-container-core-group-is-layout-6c531013 wp-block-group-is-layout-flex\">\n<figure class=\"wp-block-image size-large is-resized\"><img loading=\"lazy\" decoding=\"async\" width=\"1024\" height=\"768\" src=\"http:\/\/petirosso.fr\/wp-content\/uploads\/2024\/10\/Voiron-05-1024x768.png\" alt=\"\" class=\"wp-image-267\" style=\"width:235px;height:auto\" srcset=\"https:\/\/petirosso.fr\/wp-content\/uploads\/2024\/10\/Voiron-05-1024x768.png 1024w, https:\/\/petirosso.fr\/wp-content\/uploads\/2024\/10\/Voiron-05-300x225.png 300w, https:\/\/petirosso.fr\/wp-content\/uploads\/2024\/10\/Voiron-05-768x576.png 768w, https:\/\/petirosso.fr\/wp-content\/uploads\/2024\/10\/Voiron-05-1536x1152.png 1536w, https:\/\/petirosso.fr\/wp-content\/uploads\/2024\/10\/Voiron-05.png 1600w\" sizes=\"auto, (max-width: 1024px) 100vw, 1024px\" \/><\/figure>\n\n\n\n<figure class=\"wp-block-image size-full is-resized\"><img loading=\"lazy\" decoding=\"async\" width=\"242\" height=\"208\" src=\"http:\/\/petirosso.fr\/wp-content\/uploads\/2024\/10\/Grange-dimiere.png\" alt=\"\" class=\"wp-image-270\" style=\"width:208px;height:auto\"\/><\/figure>\n\n\n\n<figure class=\"wp-block-image size-large is-resized\"><img loading=\"lazy\" decoding=\"async\" width=\"1024\" height=\"768\" src=\"http:\/\/petirosso.fr\/wp-content\/uploads\/2024\/10\/Grange-dimiere-03-1024x768.png\" alt=\"\" class=\"wp-image-269\" style=\"width:241px;height:auto\" srcset=\"https:\/\/petirosso.fr\/wp-content\/uploads\/2024\/10\/Grange-dimiere-03-1024x768.png 1024w, https:\/\/petirosso.fr\/wp-content\/uploads\/2024\/10\/Grange-dimiere-03-300x225.png 300w, https:\/\/petirosso.fr\/wp-content\/uploads\/2024\/10\/Grange-dimiere-03-768x576.png 768w, https:\/\/petirosso.fr\/wp-content\/uploads\/2024\/10\/Grange-dimiere-03-1536x1152.png 1536w, https:\/\/petirosso.fr\/wp-content\/uploads\/2024\/10\/Grange-dimiere-03.png 1600w\" sizes=\"auto, (max-width: 1024px) 100vw, 1024px\" \/><\/figure>\n<\/div>\n\n\n\n<ul class=\"wp-block-list\">\n<li class=\"has-small-font-size\">&#8220;<strong>Sur les chemins de la Silve<\/strong>&#8221; Entrer par le conte dans la chartreuse de la Silve B\u00e9nite avec Antoine, vivre comme lui le quotidien d&#8217;un moine chartreux et entendre les galets sur le bord du chemin qui racontent les rapports complexes de la population avec les moines.<\/li>\n\n\n\n<li class=\"has-small-font-size\">&#8220;<strong>Les veilleurs du lac de Paladru<\/strong>&#8221;  Depuis les hauteurs de Bilieu, admirer le lac, apprendre \u00e0 conna\u00eetre la nymphe qui prot\u00e8ge les lieux et parcourir les si\u00e8cles avec elle \u00e0 la d\u00e9couverte de l&#8217;histoire de cet endroit f\u00e9\u00e9rique.<\/li>\n\n\n\n<li class=\"has-small-font-size\">&#8220;<strong>Jeux de m\u00f4mes et labeurs en Valdaine<\/strong>&#8221; On se glisse au creux de la vall\u00e9e \u00e0 Saint Bueil et on d\u00e9couvre des vestiges industriels surprenants. Entre deux buissons et trois arbres, on croise les Follets de l&#8217;Aisnan qui nous font vivre le pass\u00e9 industriel des lieux \u00e0 hauteur d&#8217;enfants.<\/li>\n\n\n\n<li class=\"has-small-font-size\">&#8220;<strong>Les amours de l&#8217;ondine de Gorgeat<\/strong>&#8221;  Dans ce beau domaine priv\u00e9 de La Buisse, sp\u00e9cialement ouvert au public pour l&#8217;occasion, nous suivons le doux murmure du Gorgeat, la jolie petite rivi\u00e8re qui d\u00e9gringole de la montagne, et on entend l&#8217;Ondine nous raconter ses amours \u00e0 travers les \u00e2ges.<\/li>\n\n\n\n<li class=\"has-small-font-size\">&#8220;<strong>Sur les marches de l&#8217;histoire<\/strong>&#8221; A Voiron, toutes les routes se croisent. De la gare jusqu&#8217;aux hauteurs de la cit\u00e9, on remonte le temps guid\u00e9s par cette \u00e9trange F\u00e9e Bleue, gardienne de la montagne, qui veille aussi sur les habitants de la ville.<\/li>\n<\/ul>\n\n\n\n<p><strong><mark style=\"background-color:#ffe2c7\" class=\"has-inline-color\">pour l&#8217;Association Imagine Quirieu<\/mark><\/strong><\/p>\n\n\n\n<div class=\"wp-block-group is-nowrap is-layout-flex wp-container-core-group-is-layout-6c531013 wp-block-group-is-layout-flex\">\n<figure class=\"wp-block-image size-large is-resized\"><img loading=\"lazy\" decoding=\"async\" width=\"1024\" height=\"688\" src=\"http:\/\/petirosso.fr\/wp-content\/uploads\/2024\/10\/Quirieu-Ecole-de-Briord-01-1024x688.png\" alt=\"\" class=\"wp-image-273\" style=\"width:332px;height:auto\" srcset=\"https:\/\/petirosso.fr\/wp-content\/uploads\/2024\/10\/Quirieu-Ecole-de-Briord-01-1024x688.png 1024w, https:\/\/petirosso.fr\/wp-content\/uploads\/2024\/10\/Quirieu-Ecole-de-Briord-01-300x202.png 300w, https:\/\/petirosso.fr\/wp-content\/uploads\/2024\/10\/Quirieu-Ecole-de-Briord-01-768x516.png 768w, https:\/\/petirosso.fr\/wp-content\/uploads\/2024\/10\/Quirieu-Ecole-de-Briord-01-1536x1033.png 1536w, https:\/\/petirosso.fr\/wp-content\/uploads\/2024\/10\/Quirieu-Ecole-de-Briord-01.png 1962w\" sizes=\"auto, (max-width: 1024px) 100vw, 1024px\" \/><\/figure>\n\n\n\n<figure class=\"wp-block-image size-large is-resized\"><img loading=\"lazy\" decoding=\"async\" width=\"1024\" height=\"807\" src=\"http:\/\/petirosso.fr\/wp-content\/uploads\/2024\/10\/108-Q_7207-1024x807.png\" alt=\"\" class=\"wp-image-274\" style=\"width:286px;height:auto\" srcset=\"https:\/\/petirosso.fr\/wp-content\/uploads\/2024\/10\/108-Q_7207-1024x807.png 1024w, https:\/\/petirosso.fr\/wp-content\/uploads\/2024\/10\/108-Q_7207-300x236.png 300w, https:\/\/petirosso.fr\/wp-content\/uploads\/2024\/10\/108-Q_7207-768x605.png 768w, https:\/\/petirosso.fr\/wp-content\/uploads\/2024\/10\/108-Q_7207-1536x1211.png 1536w, https:\/\/petirosso.fr\/wp-content\/uploads\/2024\/10\/108-Q_7207-2048x1614.png 2048w\" sizes=\"auto, (max-width: 1024px) 100vw, 1024px\" \/><\/figure>\n<\/div>\n\n\n\n<ul class=\"wp-block-list\">\n<li class=\"has-small-font-size\">&#8220;<strong>Tancr\u00e8de et la nymphe Sylvia<\/strong>&#8221;  En parcourant les vestiges de la citadelle m\u00e9di\u00e9vale, nous suivons les pas du troubadour Tancr\u00e8de. Alors qu&#8217;il part \u00e0 la recherche de la belle mais froide Hermeline, femme du seigneur de Quirieu, et doit se battre contre les cr\u00e9atures mauvaises qui se cachent au creux des arbres de la cit\u00e9, il tombe sous le charme de la d\u00e9licieuse nymphe Sylvia au charme sensuel.<\/li>\n\n\n\n<li class=\"has-small-font-size\">&#8220;<strong>Quand Greg fait chanter Polycarpe<\/strong>&#8221; Un spectacle \u00e0 trois voix, con\u00e7u avec Laurence, guide conf\u00e9renci\u00e8re et Xavier, musicien, pour vivre l&#8217;\u00e9pop\u00e9e de la chr\u00e9tient\u00e9 en terre dauphinoise. Entre pers\u00e9cutions des premiers croyants, R\u00e9forme Gr\u00e9gorienne de l&#8217;Eglise et guerre de religions, sous le regard bienveillant des ondines du Rh\u00f4ne, on tremble de peur et d&#8217;\u00e9mois pour les habitants de Quirieu pris dans la tourmente.<\/li>\n<\/ul>\n\n\n\n<p><strong><mark style=\"background-color:#ffe2c7\" class=\"has-inline-color\">avec l&#8217;Office de tourisme Bugey Sud Grand Colombier<\/mark><\/strong><\/p>\n\n\n\n<div class=\"wp-block-media-text is-stacked-on-mobile\" style=\"margin-top:0;margin-right:var(--wp--preset--spacing--20);margin-bottom:0;margin-left:var(--wp--preset--spacing--20);padding-top:0;padding-bottom:0;grid-template-columns:56% auto\"><figure class=\"wp-block-media-text__media\"><img loading=\"lazy\" decoding=\"async\" width=\"526\" height=\"526\" src=\"https:\/\/petirosso.fr\/wp-content\/uploads\/2024\/10\/455823804_1032216565577037_2118640201794142548_n-2.png\" alt=\"\" class=\"wp-image-285 size-full\" srcset=\"https:\/\/petirosso.fr\/wp-content\/uploads\/2024\/10\/455823804_1032216565577037_2118640201794142548_n-2.png 526w, https:\/\/petirosso.fr\/wp-content\/uploads\/2024\/10\/455823804_1032216565577037_2118640201794142548_n-2-300x300.png 300w, https:\/\/petirosso.fr\/wp-content\/uploads\/2024\/10\/455823804_1032216565577037_2118640201794142548_n-2-150x150.png 150w\" sizes=\"auto, (max-width: 526px) 100vw, 526px\" \/><\/figure><div class=\"wp-block-media-text__content\">\n<p class=\"has-small-font-size\">&#8220;<strong>La Vouivre du lac de Barterand<\/strong>&#8221; Un petit lac nich\u00e9 dans les monts du Bugey au creux d&#8217;un \u00e9crin de collines verdoyantes : tel est le lieu que prot\u00e8ge depuis toujours la belle et redoutable Vouivre. En d\u00e9couvrant les berges secr\u00e8tes du lac, on suit le parcours de Marguerite que la Vouivre a choisie comme h\u00e9riti\u00e8re, mais, tr\u00e8s vite, on comprend que la jeune fille n&#8217;arrive pas \u00e0 d\u00e9tester les humains, comme la Vouivre voudrait lui inculquer.<\/p>\n<\/div><\/div>\n\n\n\n<p><strong><mark style=\"background-color:#ffe2c7\" class=\"has-inline-color\">au Mus\u00e9e gallo-romain d&#8217;Aoste<\/mark><\/strong><\/p>\n\n\n\n<div class=\"wp-block-media-text has-media-on-the-right is-stacked-on-mobile\"><div class=\"wp-block-media-text__content\">\n<p class=\"has-small-font-size\">&#8221; <strong>M\u00e9moire d&#8217;un pot de terre<\/strong>&#8221; En parcourant les salles du mus\u00e9e et les rues de la ville, le public se glisse dans la m\u00e9moire d&#8217;un pot de terre. De l&#8217;atelier du potier \u00e0 la cuisine d&#8217;une riche famille, on d\u00e9couvre ce qu&#8217;\u00e9tait Aoste aux premiers si\u00e8cles de notre \u00e8re: une ville riche et prosp\u00e8re bas\u00e9e sur l&#8217;\u00e9conomie de la terre cuite.<\/p>\n<\/div><figure class=\"wp-block-media-text__media\"><img loading=\"lazy\" decoding=\"async\" width=\"294\" height=\"219\" src=\"http:\/\/petirosso.fr\/wp-content\/uploads\/2024\/10\/Musee-dAoste.png\" alt=\"\" class=\"wp-image-289 size-full\"\/><\/figure><\/div>\n\n\n\n<p><strong><mark style=\"background-color:#ffe2c7\" class=\"has-inline-color\">pour le Village de Porcieu-Amblagnieu<\/mark><\/strong><\/p>\n\n\n\n<div class=\"wp-block-media-text has-media-on-the-right is-stacked-on-mobile\"><div class=\"wp-block-media-text__content\">\n<p class=\"has-small-font-size\">C&#8217;est une belle collaboration avec la municipalit\u00e9 qui m&#8217;a permis de poser un regard emprunt de f\u00e9\u00e9rie sur l&#8217;histoire r\u00e9cente de Porcieu-Amblagnieu.<\/p>\n\n\n\n<p class=\"has-small-font-size\">Apr\u00e8s un travail fouill\u00e9 de collecte de m\u00e9moire aupr\u00e8s des anciens du village, compl\u00e9t\u00e9 par des ateliers de collecte de la parole des enfants; j&#8217;ai cr\u00e9\u00e9 un r\u00e9cit \u00e9voquant la vie \u00e0 Porcieu au d\u00e9but du XX\u00e8me si\u00e8cle \u00e0 travers le regard d&#8217;enfants de notre temps.<\/p>\n<\/div><figure class=\"wp-block-media-text__media\"><img loading=\"lazy\" decoding=\"async\" width=\"1018\" height=\"1024\" src=\"http:\/\/petirosso.fr\/wp-content\/uploads\/2024\/11\/Livre-Porcieu-1018x1024.png\" alt=\"\" class=\"wp-image-321 size-full\" srcset=\"https:\/\/petirosso.fr\/wp-content\/uploads\/2024\/11\/Livre-Porcieu-1018x1024.png 1018w, https:\/\/petirosso.fr\/wp-content\/uploads\/2024\/11\/Livre-Porcieu-298x300.png 298w, https:\/\/petirosso.fr\/wp-content\/uploads\/2024\/11\/Livre-Porcieu-150x150.png 150w, https:\/\/petirosso.fr\/wp-content\/uploads\/2024\/11\/Livre-Porcieu-768x773.png 768w, https:\/\/petirosso.fr\/wp-content\/uploads\/2024\/11\/Livre-Porcieu-1527x1536.png 1527w, https:\/\/petirosso.fr\/wp-content\/uploads\/2024\/11\/Livre-Porcieu.png 1689w\" sizes=\"auto, (max-width: 1018px) 100vw, 1018px\" \/><\/figure><\/div>\n\n\n\n<p class=\"has-small-font-size\" style=\"margin-top:var(--wp--preset--spacing--20);margin-bottom:var(--wp--preset--spacing--20)\">Ce conte a donn\u00e9 lieu \u00e0 une repr\u00e9sentation devant les habitants, mais aussi \u00e0 un ouvrage joliment illustr\u00e9.<\/p>\n\n\n\n<p><strong><mark style=\"background-color:#ffe2c7\" class=\"has-inline-color has-foreground-color\">pour le Village de B\u00e9nonces<\/mark><\/strong><\/p>\n\n\n\n<div class=\"wp-block-media-text is-stacked-on-mobile\"><figure class=\"wp-block-media-text__media\"><img loading=\"lazy\" decoding=\"async\" width=\"945\" height=\"631\" src=\"http:\/\/petirosso.fr\/wp-content\/uploads\/2024\/10\/Benonces-2018-octobre-01.png\" alt=\"\" class=\"wp-image-292 size-full\" srcset=\"https:\/\/petirosso.fr\/wp-content\/uploads\/2024\/10\/Benonces-2018-octobre-01.png 945w, https:\/\/petirosso.fr\/wp-content\/uploads\/2024\/10\/Benonces-2018-octobre-01-300x200.png 300w, https:\/\/petirosso.fr\/wp-content\/uploads\/2024\/10\/Benonces-2018-octobre-01-768x513.png 768w\" sizes=\"auto, (max-width: 945px) 100vw, 945px\" \/><\/figure><div class=\"wp-block-media-text__content\">\n<p class=\"has-small-font-size\">Lors d&#8217;une collecte de m\u00e9moire organis\u00e9e par la municipalit\u00e9, j&#8217;ai pu recueillir les t\u00e9moignages des anciens sur la vie de leur village au si\u00e8cle dernier. Puis, \u00e0 partir de ces \u00e9l\u00e9ments patrimoniaux, j&#8217;ai cr\u00e9e le conte f\u00e9\u00e9rique &#8220;<strong>La f\u00e9e de B\u00e9nonces<\/strong>&#8220;, qui met en sc\u00e8ne un petit gar\u00e7on inquiet du risque que court le village aux prises avec une mauvaise cr\u00e9ature.<\/p>\n<\/div><\/div>\n\n\n\n<p>Mus\u00e9e du Bugey-Valromey<\/p>\n\n\n\n<p>Office de tourisme des Aveni\u00e8res<\/p>\n\n\n\n<p><\/p>\n","protected":false},"excerpt":{"rendered":"<p>Derri\u00e8re chaque pierre se cache un myst\u00e8re &#8230;. il suffit d&#8217;\u00e9couter pour entendre A travers plusieurs partenariats, j&#8217;ai la chance de pouvoir faire r\u00eaver les vieilles pierres et les sites naturels remarquables de la r\u00e9gion. C&#8217;est une autre fa\u00e7on de visiter, une mani\u00e8re diff\u00e9rente de ressentir l&#8217;histoire qui a marqu\u00e9 notre territoire et la nature [&hellip;]<\/p>\n","protected":false},"author":1,"featured_media":0,"parent":0,"menu_order":7,"comment_status":"closed","ping_status":"closed","template":"","meta":{"footnotes":""},"class_list":["post-218","page","type-page","status-publish","hentry"],"_links":{"self":[{"href":"https:\/\/petirosso.fr\/index.php\/wp-json\/wp\/v2\/pages\/218","targetHints":{"allow":["GET"]}}],"collection":[{"href":"https:\/\/petirosso.fr\/index.php\/wp-json\/wp\/v2\/pages"}],"about":[{"href":"https:\/\/petirosso.fr\/index.php\/wp-json\/wp\/v2\/types\/page"}],"author":[{"embeddable":true,"href":"https:\/\/petirosso.fr\/index.php\/wp-json\/wp\/v2\/users\/1"}],"replies":[{"embeddable":true,"href":"https:\/\/petirosso.fr\/index.php\/wp-json\/wp\/v2\/comments?post=218"}],"version-history":[{"count":43,"href":"https:\/\/petirosso.fr\/index.php\/wp-json\/wp\/v2\/pages\/218\/revisions"}],"predecessor-version":[{"id":325,"href":"https:\/\/petirosso.fr\/index.php\/wp-json\/wp\/v2\/pages\/218\/revisions\/325"}],"wp:attachment":[{"href":"https:\/\/petirosso.fr\/index.php\/wp-json\/wp\/v2\/media?parent=218"}],"curies":[{"name":"wp","href":"https:\/\/api.w.org\/{rel}","templated":true}]}}