{"id":213,"date":"2024-10-28T15:47:06","date_gmt":"2024-10-28T14:47:06","guid":{"rendered":"https:\/\/petirosso.fr\/?page_id=213"},"modified":"2024-11-07T17:24:14","modified_gmt":"2024-11-07T16:24:14","slug":"ateliers","status":"publish","type":"page","link":"https:\/\/petirosso.fr\/index.php\/ateliers\/","title":{"rendered":"Ateliers"},"content":{"rendered":"\n<p class=\"has-large-font-size\"><strong>Pour vivre les contes, <\/strong><\/p>\n\n\n\n<p class=\"has-large-font-size\" style=\"margin-top:var(--wp--preset--spacing--20);margin-bottom:var(--wp--preset--spacing--20)\">                              <strong>des ateliers pratiques et cr\u00e9atifs<\/strong><\/p>\n\n\n\n<div style=\"height:51px\" aria-hidden=\"true\" class=\"wp-block-spacer\"><\/div>\n\n\n\n<p class=\"has-medium-font-size\"><strong><mark style=\"background-color:#e45905\" class=\"has-inline-color\">Ateliers d&#8217;oralit\u00e9 et cr\u00e9ation de contes<\/mark><\/strong><\/p>\n\n\n\n<p style=\"margin-top:var(--wp--preset--spacing--20);margin-bottom:var(--wp--preset--spacing--20)\"><mark style=\"background-color:#ffe2c7\" class=\"has-inline-color\">Partager mon exp\u00e9rience et r\u00e9veiller la cr\u00e9ativit\u00e9 &#8230;.<\/mark><\/p>\n\n\n\n<p class=\"has-small-font-size\" style=\"margin-top:var(--wp--preset--spacing--20);margin-bottom:var(--wp--preset--spacing--20)\">Chacun est conteur au fond de lui-m\u00eame, il faut juste prendre le temps d&#8217;ouvrir les portes de son imaginaire.<\/p>\n\n\n\n<p class=\"has-small-font-size\" style=\"margin-top:var(--wp--preset--spacing--20);margin-bottom:var(--wp--preset--spacing--20)\">Lors des ateliers que je propose, les participants prennent ce temps d&#8217;\u00e9coute de soi. Ils se familiarisent aussi avec les techniques de la parole et du r\u00e9cit.<\/p>\n\n\n\n<p><strong>Les images dans le conte<\/strong><\/p>\n\n\n\n<p class=\"has-small-font-size\" style=\"margin-top:var(--wp--preset--spacing--20);margin-bottom:var(--wp--preset--spacing--20)\">Conter c&#8217;est dire des images.<\/p>\n\n\n\n<p class=\"has-small-font-size\" style=\"margin-top:var(--wp--preset--spacing--20);margin-bottom:var(--wp--preset--spacing--20)\">Le conteur ne dit pas &#8220;un homme triste&#8221;, il nous montre &#8220;Ce pauvre gars qui avance en trainant des pieds. Sa t\u00eate est pench\u00e9e, ses \u00e9paules courb\u00e9es. Il semble porter tout le poids du monde sur son dos.&#8221;. Cette image-l\u00e0 nous donne envie de conna\u00eetre l&#8217;histoire de &#8220;ce pauvre gars&#8221;, et le conte peut commencer, le public est en attente de la suite&#8230;&#8230;<\/p>\n\n\n\n<p class=\"has-small-font-size\" style=\"margin-top:var(--wp--preset--spacing--20);margin-bottom:var(--wp--preset--spacing--20)\">C&#8217;est tout ce travail que l&#8217;on fait dans les ateliers d&#8217;oralit\u00e9.<\/p>\n\n\n\n<p><strong>Des \u00e9motions tout au long du r\u00e9cit<\/strong><\/p>\n\n\n\n<p class=\"has-small-font-size\" style=\"margin-top:var(--wp--preset--spacing--20);margin-bottom:var(--wp--preset--spacing--20)\">A travers de nombreux exercices d&#8217;<strong>improvisation<\/strong>, on apprend aussi \u00e0 faire vibrer l&#8217;histoire. On travaille:<\/p>\n\n\n\n<ul class=\"wp-block-list\">\n<li style=\"margin-top:var(--wp--preset--spacing--20);margin-bottom:var(--wp--preset--spacing--20)\" class=\"has-small-font-size\">les forces et douceurs de la voix<\/li>\n\n\n\n<li style=\"margin-top:var(--wp--preset--spacing--20);margin-bottom:var(--wp--preset--spacing--20)\" class=\"has-small-font-size\">les rythmes du r\u00e9cit<\/li>\n\n\n\n<li style=\"margin-top:var(--wp--preset--spacing--20);margin-bottom:var(--wp--preset--spacing--20)\" class=\"has-small-font-size\">le choix des sonorit\u00e9s<\/li>\n\n\n\n<li style=\"margin-top:var(--wp--preset--spacing--20);margin-bottom:var(--wp--preset--spacing--20)\" class=\"has-small-font-size\">l&#8217;utilisation du corps et du regard pour faire transmettre les \u00e9motions<\/li>\n\n\n\n<li style=\"margin-top:var(--wp--preset--spacing--20);margin-bottom:var(--wp--preset--spacing--20)\" class=\"has-small-font-size\">l&#8217;incarnation des personnages et les dialogues<\/li>\n\n\n\n<li style=\"margin-top:var(--wp--preset--spacing--20);margin-bottom:var(--wp--preset--spacing--20)\" class=\"has-small-font-size\">les contrastes qui donnent du relief \u00e0 l&#8217;histoire<\/li>\n\n\n\n<li style=\"margin-top:var(--wp--preset--spacing--20);margin-bottom:var(--wp--preset--spacing--20)\" class=\"has-small-font-size\">les champs lexicaux<\/li>\n<\/ul>\n\n\n\n<p><strong>R\u00e9veiller la cr\u00e9ativit\u00e9<\/strong><\/p>\n\n\n\n<p class=\"has-small-font-size\" style=\"margin-top:var(--wp--preset--spacing--20);margin-bottom:var(--wp--preset--spacing--20)\">A la base de toute histoire, il y a la cr\u00e9ativit\u00e9. Qu&#8217;il s&#8217;agisse d&#8217;un conte traditionnel que le conteur doit s&#8217;approprier ou d&#8217;une histoire totalement invent\u00e9e, le conteur doit cr\u00e9er son univers, son histoire \u00e0 lui. Il doit \u00eatre tout \u00e0 tour chacun de ses personnages, en accord, pour un instant avec le plus odieux des tyrans, comme avec la plus douce des f\u00e9es.<\/p>\n\n\n\n<p class=\"has-small-font-size\" style=\"margin-top:var(--wp--preset--spacing--20);margin-bottom:var(--wp--preset--spacing--20)\">Comment dit-on une for\u00eat en col\u00e8re ? Comment parle-ton du ciel amoureux ? Pourquoi le monstre va-t-il faiblir ?<\/p>\n\n\n\n<p class=\"has-small-font-size\" style=\"margin-top:var(--wp--preset--spacing--20);margin-bottom:var(--wp--preset--spacing--20)\">Lors de s\u00e9ances sp\u00e9cifiques, nous travaillons tous ensemble,\u00a0puis individuellement, le sens profond de nos histoires. Petit \u00e0 petit on cr\u00e9\u00e9 des personnages solides, on construit un r\u00e9cit qui porte nos \u00e9motions et nos id\u00e9es.<\/p>\n\n\n\n<p class=\"has-small-font-size\" style=\"margin-top:var(--wp--preset--spacing--20);margin-bottom:var(--wp--preset--spacing--20)\">&#8220;Et si on imaginait une sorci\u00e8re cach\u00e9e dans cette p\u00e2querette ?&#8221;<\/p>\n\n\n\n<p><strong>Des ateliers adapt\u00e9s \u00e0 diff\u00e9rents publics<\/strong><\/p>\n\n\n\n<p class=\"has-small-font-size\" style=\"margin-top:var(--wp--preset--spacing--20);margin-bottom:var(--wp--preset--spacing--20)\">Je propose des ateliers d&#8217;oralit\u00e9 adapt\u00e9s aux publics <strong>scolaires<\/strong>: \u00e9cole primaire, coll\u00e8ge, lyc\u00e9e. Mais aussi \u00e0 des groupes d&#8217;<strong>adultes<\/strong> qui souhaitent d\u00e9couvrir cet univers de la transmission orale des histoires. J&#8217;anime \u00e9galement des ateliers dans le cadre des Temps d&#8217;Activit\u00e9s P\u00e9riscolaires.<\/p>\n\n\n\n<p class=\"has-small-font-size\" style=\"margin-top:var(--wp--preset--spacing--20);margin-bottom:var(--wp--preset--spacing--20)\">Le nombre et la longueur des s\u00e9ances d\u00e9pendent de l&#8217;\u00e2ge des participants et du projet choisi.<\/p>\n\n\n\n<p class=\"has-medium-font-size\"><mark style=\"background-color:#e45905\" class=\"has-inline-color\"><strong>Jouons avec les contes<\/strong><\/mark><\/p>\n\n\n\n<p style=\"margin-top:var(--wp--preset--spacing--20);margin-bottom:var(--wp--preset--spacing--20)\"><mark style=\"background-color:#ffe2c7\" class=\"has-inline-color has-foreground-color\">Apprendre \u00e0 \u00e9couter et entrer dans l&#8217;histoire<\/mark><\/p>\n\n\n\n<p class=\"has-small-font-size\" style=\"margin-top:var(--wp--preset--spacing--20);margin-bottom:var(--wp--preset--spacing--20)\">A destination des enfants de classes <strong>maternelles<\/strong>, ces\u00a0ateliers\u00a0permettent aux \u00e9l\u00e8ves de d\u00e9couvrir l&#8217;univers f\u00e9\u00e9rique\u00a0des contes. Ils s&#8217;approprient ensuite\u00a0les histoires \u00e0 travers des jeux collectifs\u00a0:<\/p>\n\n\n\n<ul class=\"wp-block-list\">\n<li style=\"margin-top:var(--wp--preset--spacing--20);margin-bottom:var(--wp--preset--spacing--20)\" class=\"has-small-font-size\">Jeux de mimes po\u00e9tiques \u00e0 partir des personnages et des moments de l\u2019histoire.<\/li>\n\n\n\n<li style=\"margin-top:var(--wp--preset--spacing--20);margin-bottom:var(--wp--preset--spacing--20)\" class=\"has-small-font-size\">Cr\u00e9ation, reproduction et encha\u00eenements de rythmes en percussions corporelles ou objets de r\u00e9cup\u00e9ration\u00a0; en lien avec les rythmes de l\u2019histoire<\/li>\n\n\n\n<li style=\"margin-top:var(--wp--preset--spacing--20);margin-bottom:var(--wp--preset--spacing--20)\" class=\"has-small-font-size\">Travail en motricit\u00e9 imag\u00e9e et cr\u00e9ative pour voyager dans les lieux et les moments de l\u2019histoire<\/li>\n\n\n\n<li style=\"margin-top:var(--wp--preset--spacing--20);margin-bottom:var(--wp--preset--spacing--20)\" class=\"has-small-font-size\">Pratique de l&#8217;oralit\u00e9 dans des prises de parole guid\u00e9es qui permettent \u00e0 l&#8217;enfant d&#8217;exprimer son imaginaire<\/li>\n<\/ul>\n\n\n\n<p class=\"has-small-font-size\" style=\"margin-top:var(--wp--preset--spacing--20);margin-bottom:var(--wp--preset--spacing--20)\">Les s\u00e9ances de 40 mn, se d\u00e9roulent en deux temps: un temps d&#8217;\u00e9coute et un temps de jeu.<\/p>\n\n\n\n<p class=\"has-small-font-size\" style=\"margin-top:var(--wp--preset--spacing--20);margin-bottom:var(--wp--preset--spacing--20)\">Les contes pr\u00e9sent\u00e9s sont adapt\u00e9s aux jeunes oreilles. Ils mettent en sc\u00e8ne les animaux du jardin et de la for\u00eat. Ils parlent des saisons et des cycles du temps. Certains r\u00e9cits sont accompagn\u00e9s de comptines, petits airs de fl\u00fbte ou personnages en origamis.<\/p>\n","protected":false},"excerpt":{"rendered":"<p>Pour vivre les contes, des ateliers pratiques et cr\u00e9atifs Ateliers d&#8217;oralit\u00e9 et cr\u00e9ation de contes Partager mon exp\u00e9rience et r\u00e9veiller la cr\u00e9ativit\u00e9 &#8230;. Chacun est conteur au fond de lui-m\u00eame, il faut juste prendre le temps d&#8217;ouvrir les portes de son imaginaire. Lors des ateliers que je propose, les participants prennent ce temps d&#8217;\u00e9coute de [&hellip;]<\/p>\n","protected":false},"author":1,"featured_media":0,"parent":0,"menu_order":6,"comment_status":"closed","ping_status":"closed","template":"","meta":{"footnotes":""},"class_list":["post-213","page","type-page","status-publish","hentry"],"_links":{"self":[{"href":"https:\/\/petirosso.fr\/index.php\/wp-json\/wp\/v2\/pages\/213","targetHints":{"allow":["GET"]}}],"collection":[{"href":"https:\/\/petirosso.fr\/index.php\/wp-json\/wp\/v2\/pages"}],"about":[{"href":"https:\/\/petirosso.fr\/index.php\/wp-json\/wp\/v2\/types\/page"}],"author":[{"embeddable":true,"href":"https:\/\/petirosso.fr\/index.php\/wp-json\/wp\/v2\/users\/1"}],"replies":[{"embeddable":true,"href":"https:\/\/petirosso.fr\/index.php\/wp-json\/wp\/v2\/comments?post=213"}],"version-history":[{"count":2,"href":"https:\/\/petirosso.fr\/index.php\/wp-json\/wp\/v2\/pages\/213\/revisions"}],"predecessor-version":[{"id":216,"href":"https:\/\/petirosso.fr\/index.php\/wp-json\/wp\/v2\/pages\/213\/revisions\/216"}],"wp:attachment":[{"href":"https:\/\/petirosso.fr\/index.php\/wp-json\/wp\/v2\/media?parent=213"}],"curies":[{"name":"wp","href":"https:\/\/api.w.org\/{rel}","templated":true}]}}