{"id":182,"date":"2024-10-25T17:08:00","date_gmt":"2024-10-25T15:08:00","guid":{"rendered":"https:\/\/petirosso.fr\/?page_id=182"},"modified":"2024-11-07T17:24:29","modified_gmt":"2024-11-07T16:24:29","slug":"meler-les-arts","status":"publish","type":"page","link":"https:\/\/petirosso.fr\/index.php\/meler-les-arts\/","title":{"rendered":"M\u00ealer les arts"},"content":{"rendered":"\n<p class=\"has-small-font-size\">Chaque r\u00e9cit a son rythme, la musique de ses mots, douce, puissante, forte ou l\u00e9g\u00e8re selon les \u00e9motions que porte l&#8217;histoire. Chaque r\u00e9cit a aussi sa chor\u00e9graphie, la danse du corps qui raconte autant que disent les mots. Raconter \u00e0 plusieurs artistes trouve donc naturellement tout son sens.<\/p>\n\n\n\n<p class=\"has-small-font-size\">Je&nbsp;travaille en \u00e9troite collaboration avec plusieurs artistes \u00e0 la sensibilit\u00e9 pleine de d\u00e9licatesse. Ils acceptent de plonger avec moi dans le monde de f\u00e9\u00e9rie que je leur propose et vont bien au-del\u00e0. Ils en font leur monde. Ils construisent les histoires avec moi et donnent \u00e0 ces r\u00e9cits&nbsp;toute la force de leurs arts.<\/p>\n\n\n\n<div style=\"height:62px\" aria-hidden=\"true\" class=\"wp-block-spacer\"><\/div>\n\n\n\n<p class=\"has-medium-font-size\"><mark style=\"background-color:#ec6c07\" class=\"has-inline-color\"><strong>La musique dans tous ses \u00e9tats avec Xavier Benichou<\/strong><\/mark><\/p>\n\n\n\n<p class=\"has-small-font-size\">Xavier est un <strong>gourmand <\/strong>d&#8217;exp\u00e9riences, un <strong>aventurier <\/strong>de la musique !<\/p>\n\n\n\n<p class=\"has-small-font-size\">Harmonica, piano, percussions, chant, saxophone, et 1000 autres surprises &#8230;.. autant de prodigieuses d\u00e9couvertes qui donnent un \u00e9clat particulier \u00e0 chaque conte qu&#8217;il cr\u00e9\u00e9 avec moi ! <\/p>\n\n\n\n<p class=\"has-small-font-size\">C&#8217;est le <strong>th\u00e9r\u00e9mine<\/strong>, invisible et Xavier qui danse la musique !<\/p>\n\n\n\n<figure class=\"wp-block-video aligncenter\"><video height=\"720\" style=\"aspect-ratio: 1280 \/ 720;\" width=\"1280\" controls src=\"https:\/\/petirosso.fr\/wp-content\/uploads\/2024\/10\/demoTheremin.mp4\"><\/video><\/figure>\n\n\n\n<p class=\"has-small-font-size\">C&#8217;est une douzaine de <strong>bidons<\/strong>, tambours puissants, qui deviennent la voix du Rh\u00f4ne sous les baguettes du public guid\u00e9 par Xavier &#8230;.<\/p>\n\n\n\n<figure class=\"wp-block-video aligncenter\"><video height=\"768\" style=\"aspect-ratio: 1024 \/ 768;\" width=\"1024\" controls src=\"https:\/\/petirosso.fr\/wp-content\/uploads\/2024\/10\/demo-tambours.mp4\"><\/video><\/figure>\n\n\n\n<p class=\"has-small-font-size\">C&#8217;est la <strong>sound-jacket <\/strong>que Xavier a cr\u00e9\u00e9e et les sons de l&#8217;histoire qui semblent tout droit sortis de son c\u0153ur !<\/p>\n\n\n\n<figure class=\"wp-block-video aligncenter\"><video height=\"720\" style=\"aspect-ratio: 1280 \/ 720;\" width=\"1280\" controls src=\"https:\/\/petirosso.fr\/wp-content\/uploads\/2024\/10\/Demo-Sound-Jacket-1.mp4\"><\/video><\/figure>\n\n\n\n<div class=\"wp-block-group is-nowrap is-layout-flex wp-container-core-group-is-layout-6c531013 wp-block-group-is-layout-flex\">\n<figure class=\"wp-block-image size-large is-resized\"><img loading=\"lazy\" decoding=\"async\" width=\"1024\" height=\"768\" src=\"http:\/\/petirosso.fr\/wp-content\/uploads\/2024\/10\/IMG_1274-1024x768.jpg\" alt=\"\" class=\"wp-image-189\" style=\"width:341px;height:auto\" srcset=\"https:\/\/petirosso.fr\/wp-content\/uploads\/2024\/10\/IMG_1274-1024x768.jpg 1024w, https:\/\/petirosso.fr\/wp-content\/uploads\/2024\/10\/IMG_1274-300x225.jpg 300w, https:\/\/petirosso.fr\/wp-content\/uploads\/2024\/10\/IMG_1274-768x576.jpg 768w, https:\/\/petirosso.fr\/wp-content\/uploads\/2024\/10\/IMG_1274-1536x1152.jpg 1536w, https:\/\/petirosso.fr\/wp-content\/uploads\/2024\/10\/IMG_1274-2048x1536.jpg 2048w\" sizes=\"auto, (max-width: 1024px) 100vw, 1024px\" \/><\/figure>\n\n\n\n<figure class=\"wp-block-image size-large is-resized\"><img loading=\"lazy\" decoding=\"async\" width=\"1024\" height=\"768\" src=\"http:\/\/petirosso.fr\/wp-content\/uploads\/2024\/10\/Amblagnieu-etoiles-04-1024x768.png\" alt=\"\" class=\"wp-image-191\" style=\"width:343px;height:auto\" srcset=\"https:\/\/petirosso.fr\/wp-content\/uploads\/2024\/10\/Amblagnieu-etoiles-04-1024x768.png 1024w, https:\/\/petirosso.fr\/wp-content\/uploads\/2024\/10\/Amblagnieu-etoiles-04-300x225.png 300w, https:\/\/petirosso.fr\/wp-content\/uploads\/2024\/10\/Amblagnieu-etoiles-04-768x576.png 768w, https:\/\/petirosso.fr\/wp-content\/uploads\/2024\/10\/Amblagnieu-etoiles-04-1536x1152.png 1536w, https:\/\/petirosso.fr\/wp-content\/uploads\/2024\/10\/Amblagnieu-etoiles-04-2048x1536.png 2048w\" sizes=\"auto, (max-width: 1024px) 100vw, 1024px\" \/><\/figure>\n<\/div>\n\n\n\n<div style=\"height:62px\" aria-hidden=\"true\" class=\"wp-block-spacer\"><\/div>\n\n\n\n<p class=\"has-medium-font-size\"><strong><mark style=\"background-color:#ec6c07\" class=\"has-inline-color\">Douceur et puissance de la harpe celtique avec Gaela Le B\u00e9chec<\/mark><\/strong><\/p>\n\n\n\n<p class=\"has-small-font-size\">Gaela est tout autant <strong>r\u00eaveuse <\/strong>que moi ! C&#8217;est avec une extraordinaire <strong>sensibilit\u00e9 <\/strong>qu&#8217;elle per\u00e7oit les moindres nuances des contes que nous cr\u00e9ons ensemble. Avec force, puissance ou une douceur extr\u00eame, sa harpe donne vie aux personnages de nos r\u00e9cits !<\/p>\n\n\n\n<div style=\"height:32px\" aria-hidden=\"true\" class=\"wp-block-spacer\"><\/div>\n\n\n\n<p class=\"has-small-font-size\">Partir en voyage \u00e0 la rencontre des petits peuples qui habitent nos montagnes, nos landes et nos for\u00eats&#8230;.<\/p>\n\n\n\n<figure class=\"wp-block-video aligncenter\"><video height=\"1080\" style=\"aspect-ratio: 1920 \/ 1080;\" width=\"1920\" controls src=\"https:\/\/petirosso.fr\/wp-content\/uploads\/2024\/10\/20230207_192410.mp4\"><\/video><\/figure>\n\n\n\n<div style=\"height:32px\" aria-hidden=\"true\" class=\"wp-block-spacer\"><\/div>\n\n\n\n<p class=\"has-small-font-size\">Dans un tourbillon de vent, glisser sur les steppes glac\u00e9es dans l&#8217;univers magique des peuples nomades du Grand Nord&#8230;.<\/p>\n\n\n\n<figure class=\"wp-block-image aligncenter size-large is-resized\"><img loading=\"lazy\" decoding=\"async\" width=\"1024\" height=\"550\" src=\"http:\/\/petirosso.fr\/wp-content\/uploads\/2024\/10\/Steppes-glacee-01-1024x550.png\" alt=\"\" class=\"wp-image-197\" style=\"width:573px;height:auto\" srcset=\"https:\/\/petirosso.fr\/wp-content\/uploads\/2024\/10\/Steppes-glacee-01-1024x550.png 1024w, https:\/\/petirosso.fr\/wp-content\/uploads\/2024\/10\/Steppes-glacee-01-300x161.png 300w, https:\/\/petirosso.fr\/wp-content\/uploads\/2024\/10\/Steppes-glacee-01-768x412.png 768w, https:\/\/petirosso.fr\/wp-content\/uploads\/2024\/10\/Steppes-glacee-01-1536x825.png 1536w, https:\/\/petirosso.fr\/wp-content\/uploads\/2024\/10\/Steppes-glacee-01-2048x1100.png 2048w\" sizes=\"auto, (max-width: 1024px) 100vw, 1024px\" \/><\/figure>\n\n\n\n<div style=\"height:32px\" aria-hidden=\"true\" class=\"wp-block-spacer\"><\/div>\n\n\n\n<p class=\"has-small-font-size\">Pour les petites oreilles, parcourir la for\u00eat en suivant la musique du Grand Ch\u00eane&#8230;<\/p>\n\n\n\n<figure class=\"wp-block-image aligncenter size-full is-resized\"><img loading=\"lazy\" decoding=\"async\" width=\"911\" height=\"663\" src=\"http:\/\/petirosso.fr\/wp-content\/uploads\/2024\/10\/Les-contes-qui-grimpent-aux-arbres-02.png\" alt=\"\" class=\"wp-image-201\" style=\"width:574px;height:auto\" srcset=\"https:\/\/petirosso.fr\/wp-content\/uploads\/2024\/10\/Les-contes-qui-grimpent-aux-arbres-02.png 911w, https:\/\/petirosso.fr\/wp-content\/uploads\/2024\/10\/Les-contes-qui-grimpent-aux-arbres-02-300x218.png 300w, https:\/\/petirosso.fr\/wp-content\/uploads\/2024\/10\/Les-contes-qui-grimpent-aux-arbres-02-768x559.png 768w\" sizes=\"auto, (max-width: 911px) 100vw, 911px\" \/><\/figure>\n\n\n\n<div style=\"height:62px\" aria-hidden=\"true\" class=\"wp-block-spacer\"><\/div>\n\n\n\n<p class=\"has-medium-font-size\"><strong><mark style=\"background-color:#ec6c07\" class=\"has-inline-color\">Le monde enchant\u00e9 des origamis de Yohan<\/mark><\/strong><\/p>\n\n\n\n<div class=\"wp-block-group is-nowrap is-layout-flex wp-container-core-group-is-layout-6c531013 wp-block-group-is-layout-flex\">\n<figure class=\"wp-block-image size-full is-resized\"><img loading=\"lazy\" decoding=\"async\" width=\"300\" height=\"225\" src=\"http:\/\/petirosso.fr\/wp-content\/uploads\/2024\/10\/image.png\" alt=\"\" class=\"wp-image-206\" style=\"width:304px;height:auto\"\/><\/figure>\n\n\n\n<p class=\"has-small-font-size\">Les origamis, comme les contes, c&#8217;est de la <strong>magie <\/strong>! Une feuille de papier toute plate devient un personnage qu&#8217;on croirait&nbsp;vivant.<\/p>\n<\/div>\n\n\n\n<p class=\"has-small-font-size\">Pour les plus petits, ces animaux de papier deviennent les acteurs d&#8217;histoires extraordinaires. Sous les yeux des enfants, les pliages de Yohan jaillissent du d\u00e9cor et envahissent la sc\u00e8ne.<\/p>\n\n\n\n<div class=\"wp-block-group is-nowrap is-layout-flex wp-container-core-group-is-layout-6c531013 wp-block-group-is-layout-flex\">\n<p class=\"has-small-font-size\">Avec beaucoup de patience, Yohan cherche les personnages les plus dr\u00f4les, les plus attachants, les plus beaux, ceux qui sauront faire <strong>r\u00eaver <\/strong>le jeune public.<\/p>\n\n\n\n<figure class=\"wp-block-image size-full is-resized\"><img loading=\"lazy\" decoding=\"async\" width=\"300\" height=\"181\" src=\"http:\/\/petirosso.fr\/wp-content\/uploads\/2024\/10\/image-1.png\" alt=\"\" class=\"wp-image-209\" style=\"object-fit:cover;width:283px;height:auto\"\/><\/figure>\n<\/div>\n\n\n\n<p class=\"has-small-font-size\">Plieur d&#8217;origami, il est aussi avec moi, inventeur d&#8217;histoires. En donnant vie \u00e0 ses personnages, il leur trouve parfois un destin qui devient un conte plein de po\u00e9sie.<\/p>\n","protected":false},"excerpt":{"rendered":"<p>Chaque r\u00e9cit a son rythme, la musique de ses mots, douce, puissante, forte ou l\u00e9g\u00e8re selon les \u00e9motions que porte l&#8217;histoire. Chaque r\u00e9cit a aussi sa chor\u00e9graphie, la danse du corps qui raconte autant que disent les mots. Raconter \u00e0 plusieurs artistes trouve donc naturellement tout son sens. Je&nbsp;travaille en \u00e9troite collaboration avec plusieurs artistes [&hellip;]<\/p>\n","protected":false},"author":1,"featured_media":0,"parent":0,"menu_order":5,"comment_status":"closed","ping_status":"closed","template":"","meta":{"footnotes":""},"class_list":["post-182","page","type-page","status-publish","hentry"],"_links":{"self":[{"href":"https:\/\/petirosso.fr\/index.php\/wp-json\/wp\/v2\/pages\/182","targetHints":{"allow":["GET"]}}],"collection":[{"href":"https:\/\/petirosso.fr\/index.php\/wp-json\/wp\/v2\/pages"}],"about":[{"href":"https:\/\/petirosso.fr\/index.php\/wp-json\/wp\/v2\/types\/page"}],"author":[{"embeddable":true,"href":"https:\/\/petirosso.fr\/index.php\/wp-json\/wp\/v2\/users\/1"}],"replies":[{"embeddable":true,"href":"https:\/\/petirosso.fr\/index.php\/wp-json\/wp\/v2\/comments?post=182"}],"version-history":[{"count":21,"href":"https:\/\/petirosso.fr\/index.php\/wp-json\/wp\/v2\/pages\/182\/revisions"}],"predecessor-version":[{"id":248,"href":"https:\/\/petirosso.fr\/index.php\/wp-json\/wp\/v2\/pages\/182\/revisions\/248"}],"wp:attachment":[{"href":"https:\/\/petirosso.fr\/index.php\/wp-json\/wp\/v2\/media?parent=182"}],"curies":[{"name":"wp","href":"https:\/\/api.w.org\/{rel}","templated":true}]}}