{"id":176,"date":"2024-10-25T16:40:37","date_gmt":"2024-10-25T14:40:37","guid":{"rendered":"https:\/\/petirosso.fr\/?page_id=176"},"modified":"2024-10-25T16:54:53","modified_gmt":"2024-10-25T14:54:53","slug":"histoires-dours","status":"publish","type":"page","link":"https:\/\/petirosso.fr\/index.php\/page-2\/histoires-dours\/","title":{"rendered":"Histoires d&#8217;ours"},"content":{"rendered":"\n<figure class=\"wp-block-image size-full\"><img loading=\"lazy\" decoding=\"async\" width=\"962\" height=\"723\" src=\"http:\/\/petirosso.fr\/wp-content\/uploads\/2024\/10\/Histoires-dours-Affiche-neutre.png\" alt=\"\" class=\"wp-image-173\" srcset=\"https:\/\/petirosso.fr\/wp-content\/uploads\/2024\/10\/Histoires-dours-Affiche-neutre.png 962w, https:\/\/petirosso.fr\/wp-content\/uploads\/2024\/10\/Histoires-dours-Affiche-neutre-300x225.png 300w, https:\/\/petirosso.fr\/wp-content\/uploads\/2024\/10\/Histoires-dours-Affiche-neutre-768x577.png 768w\" sizes=\"auto, (max-width: 962px) 100vw, 962px\" \/><\/figure>\n\n\n\n<p><strong><mark style=\"background-color:rgba(0, 0, 0, 0);color:#154296\" class=\"has-inline-color\">Tendresse et po\u00e9sie des ours qui traversent nos l\u00e9gendes &#8230;<\/mark><\/strong><\/p>\n\n\n\n<p class=\"has-small-font-size\">Sur sc\u00e8ne, les ours en peluche, jouets et lumi\u00e8res douces nous invitent aux r\u00eaveries de l\u2019hiver.<\/p>\n\n\n\n<p class=\"has-small-font-size\">Contes de <mark style=\"background-color:rgba(0, 0, 0, 0);color:#4c7fee\" class=\"has-inline-color\"><strong>No\u00ebl<\/strong> <\/mark>et contes tendres des ours du <strong><mark style=\"background-color:rgba(0, 0, 0, 0);color:#2861da\" class=\"has-inline-color\">Grand Nord<\/mark><\/strong> se succ\u00e8dent pour le plaisir des petits et des grands. Ours en <strong><mark style=\"background-color:rgba(0, 0, 0, 0);color:#1c648f\" class=\"has-inline-color\">peluche<\/mark><\/strong>, ours <mark style=\"background-color:rgba(0, 0, 0, 0)\" class=\"has-inline-color has-foreground-color\">de la<\/mark><mark style=\"background-color:rgba(0, 0, 0, 0);color:#0235ee\" class=\"has-inline-color\"> <\/mark><mark style=\"background-color:rgba(0, 0, 0, 0);color:#3a4e96\" class=\"has-inline-color\"><strong>plaine<\/strong><\/mark>, ours de la <strong><mark style=\"background-color:rgba(0, 0, 0, 0);color:#28a5be\" class=\"has-inline-color\">banquise<\/mark><\/strong>, nous entra\u00eenent dans leurs aventures f\u00e9\u00e9riques. Avec Michka, sur le tra\u00eeneau du Renne de No\u00ebl, on fait la tourn\u00e9e des enfants. On comprend aussi pourquoi le soleil disparait en hiver. En suivant le petit Peter, on part \u00e0 la recherche de cet ours qui a pris le soleil\u2026 quant aux \u00e9toiles du grand Nord, elles veillent sur nous depuis le haut du ciel \u2026<\/p>\n\n\n\n<hr class=\"wp-block-separator has-alpha-channel-opacity\"\/>\n\n\n\n<p class=\"has-small-font-size\">Avec le spectacle \u00ab\u00a0Histoires d\u2019ours\u00a0\u00bb nous partons sur les traces des ours qui, depuis toujours, habitent les vieilles l\u00e9gendes. Certaines histoires ont berc\u00e9 l\u2019enfance des plus grands, d\u2019autres viennent des pays du grand Nord, mais toutes d\u00e9crivent des ours dr\u00f4les et tendres \u00e0 la fois.<\/p>\n\n\n\n<hr class=\"wp-block-separator has-alpha-channel-opacity\"\/>\n\n\n\n<p class=\"has-small-font-size\"><em><strong>Public<\/strong>: \u00e0 partir de 6 ans<\/em><\/p>\n\n\n\n<p class=\"has-small-font-size\"><em><strong>Dur\u00e9e<\/strong>: 1h environ<\/em><\/p>\n\n\n\n<p><\/p>\n","protected":false},"excerpt":{"rendered":"<p>Tendresse et po\u00e9sie des ours qui traversent nos l\u00e9gendes &#8230; Sur sc\u00e8ne, les ours en peluche, jouets et lumi\u00e8res douces nous invitent aux r\u00eaveries de l\u2019hiver. Contes de No\u00ebl et contes tendres des ours du Grand Nord se succ\u00e8dent pour le plaisir des petits et des grands. Ours en peluche, ours de la plaine, ours [&hellip;]<\/p>\n","protected":false},"author":1,"featured_media":0,"parent":16,"menu_order":11,"comment_status":"closed","ping_status":"closed","template":"","meta":{"footnotes":""},"class_list":["post-176","page","type-page","status-publish","hentry"],"_links":{"self":[{"href":"https:\/\/petirosso.fr\/index.php\/wp-json\/wp\/v2\/pages\/176","targetHints":{"allow":["GET"]}}],"collection":[{"href":"https:\/\/petirosso.fr\/index.php\/wp-json\/wp\/v2\/pages"}],"about":[{"href":"https:\/\/petirosso.fr\/index.php\/wp-json\/wp\/v2\/types\/page"}],"author":[{"embeddable":true,"href":"https:\/\/petirosso.fr\/index.php\/wp-json\/wp\/v2\/users\/1"}],"replies":[{"embeddable":true,"href":"https:\/\/petirosso.fr\/index.php\/wp-json\/wp\/v2\/comments?post=176"}],"version-history":[{"count":3,"href":"https:\/\/petirosso.fr\/index.php\/wp-json\/wp\/v2\/pages\/176\/revisions"}],"predecessor-version":[{"id":180,"href":"https:\/\/petirosso.fr\/index.php\/wp-json\/wp\/v2\/pages\/176\/revisions\/180"}],"up":[{"embeddable":true,"href":"https:\/\/petirosso.fr\/index.php\/wp-json\/wp\/v2\/pages\/16"}],"wp:attachment":[{"href":"https:\/\/petirosso.fr\/index.php\/wp-json\/wp\/v2\/media?parent=176"}],"curies":[{"name":"wp","href":"https:\/\/api.w.org\/{rel}","templated":true}]}}