{"id":170,"date":"2024-10-25T15:49:51","date_gmt":"2024-10-25T13:49:51","guid":{"rendered":"https:\/\/petirosso.fr\/?page_id=170"},"modified":"2024-10-25T15:49:51","modified_gmt":"2024-10-25T13:49:51","slug":"au-fil-du-rhone-les-contes-du-brochet","status":"publish","type":"page","link":"https:\/\/petirosso.fr\/index.php\/page-2\/au-fil-du-rhone-les-contes-du-brochet\/","title":{"rendered":"Au fil du Rh\u00f4ne, les contes du brochet"},"content":{"rendered":"\n<h2 class=\"wp-block-heading has-large-font-size\">Spectacle de contes en musique<\/h2>\n\n\n\n<figure class=\"wp-block-image aligncenter size-large is-resized\"><img loading=\"lazy\" decoding=\"async\" width=\"768\" height=\"1024\" src=\"http:\/\/petirosso.fr\/wp-content\/uploads\/2024\/10\/Au-fil-du-Rhone-les-contes-du-brochet-en-Musique-Affiche-01-768x1024.png\" alt=\"\" class=\"wp-image-167\" style=\"width:384px;height:auto\" srcset=\"https:\/\/petirosso.fr\/wp-content\/uploads\/2024\/10\/Au-fil-du-Rhone-les-contes-du-brochet-en-Musique-Affiche-01-768x1024.png 768w, https:\/\/petirosso.fr\/wp-content\/uploads\/2024\/10\/Au-fil-du-Rhone-les-contes-du-brochet-en-Musique-Affiche-01-225x300.png 225w, https:\/\/petirosso.fr\/wp-content\/uploads\/2024\/10\/Au-fil-du-Rhone-les-contes-du-brochet-en-Musique-Affiche-01-1152x1536.png 1152w, https:\/\/petirosso.fr\/wp-content\/uploads\/2024\/10\/Au-fil-du-Rhone-les-contes-du-brochet-en-Musique-Affiche-01-1536x2048.png 1536w\" sizes=\"auto, (max-width: 768px) 100vw, 768px\" \/><\/figure>\n\n\n\n<p class=\"has-small-font-size\">C\u2019\u00e9tait \u00e0 l\u2019\u00e9poque o\u00f9 le <strong><mark style=\"background-color:rgba(0, 0, 0, 0);color:#099536\" class=\"has-inline-color\">Rh\u00f4ne <\/mark><\/strong>n\u2019en faisait qu\u2019\u00e0 sa t\u00eate\u00a0; quand il portait\u00a0les <strong><mark style=\"background-color:rgba(0, 0, 0, 0);color:#1c3d84\" class=\"has-inline-color\">barques <\/mark><\/strong>de p\u00eacheurs, les bateaux des <strong><mark style=\"background-color:rgba(0, 0, 0, 0);color:#11b851\" class=\"has-inline-color\">passeurs<\/mark><\/strong>, les <strong><mark style=\"background-color:rgba(0, 0, 0, 0);color:#0cceec\" class=\"has-inline-color\">p\u00e9niches <\/mark><\/strong>tir\u00e9es par les chevaux\u00a0 \u2026..<\/p>\n\n\n\n<p class=\"has-small-font-size\">Martin \u00e9tait paysan, mais, \u00e0 la faveur d\u2019une crue, le fleuve s\u2019est install\u00e9 sur ses terres. Martin, furieux, maudit le Rh\u00f4ne et les hommes qui ne lui ont laiss\u00e9 que ces terres \u00e0 cultiver\u00a0; mais il doit nourrir sa famille. Comme il n\u2019a plus de terre, il se fait p\u00eacheur \u2026 Enferm\u00e9 dans sa <strong><mark style=\"background-color:rgba(0, 0, 0, 0);color:#2bdf89\" class=\"has-inline-color\">col\u00e8re<\/mark><\/strong>, il ne demande de conseil \u00e0 personne et remonte sa nasse vide de tout poisson. Il peste et r\u00e2le de plus belle quand il entend un rire, juste \u00e0 c\u00f4t\u00e9 de sa barque\u00a0: c\u2019est un \u00e9norme <strong><mark style=\"background-color:rgba(0, 0, 0, 0);color:#2385eb\" class=\"has-inline-color\">brochet <\/mark><\/strong>qui se moque de lui.<\/p>\n\n\n\n<p class=\"has-small-font-size\">Au fil de l\u2019eau, au fil des jours, au fil de l\u2019histoire, cet \u00e9trange poisson enseigne la <strong><mark style=\"background-color:rgba(0, 0, 0, 0);color:#468b6a\" class=\"has-inline-color\">p\u00eache <\/mark><\/strong>\u00e0 Martin, il lui conte les <strong><mark style=\"background-color:rgba(0, 0, 0, 0);color:#4962ac\" class=\"has-inline-color\">l\u00e9gendes <\/mark><\/strong>du Rh\u00f4ne, il lui apprend \u00e0 connaitre et \u00e0 aimer le fleuve et les <strong><mark style=\"background-color:rgba(0, 0, 0, 0);color:#1175ed\" class=\"has-inline-color\">\u00eatres myst\u00e9rieux<\/mark><\/strong> qui peuplent ses berges. <\/p>\n\n\n\n<p class=\"has-small-font-size\">Les <strong><mark style=\"background-color:rgba(0, 0, 0, 0);color:#2fa834\" class=\"has-inline-color\">tambours <\/mark><\/strong>puissants nous entra\u00eenent dans les tourbillons et les col\u00e8res du Rh\u00f4ne. Le <strong><mark style=\"background-color:rgba(0, 0, 0, 0);color:#14e317\" class=\"has-inline-color\">tankdrum <\/mark><\/strong>accompagne les voix douces des ondines et les <strong><mark style=\"background-color:rgba(0, 0, 0, 0);color:#4c7e34\" class=\"has-inline-color\">bambous <\/mark><\/strong>nous racontent le voyage de l\u2019anguille jusqu\u2019aux Antilles.<\/p>\n\n\n\n<hr class=\"wp-block-separator has-alpha-channel-opacity\"\/>\n\n\n\n<p class=\"has-small-font-size\"><em><strong>Public<\/strong>: \u00e0 partir de 7 ans<\/em><\/p>\n\n\n\n<p class=\"has-small-font-size\"><em><strong>Dur\u00e9e<\/strong>: 1h environ<\/em><\/p>\n","protected":false},"excerpt":{"rendered":"<p>Spectacle de contes en musique C\u2019\u00e9tait \u00e0 l\u2019\u00e9poque o\u00f9 le Rh\u00f4ne n\u2019en faisait qu\u2019\u00e0 sa t\u00eate\u00a0; quand il portait\u00a0les barques de p\u00eacheurs, les bateaux des passeurs, les p\u00e9niches tir\u00e9es par les chevaux\u00a0 \u2026.. Martin \u00e9tait paysan, mais, \u00e0 la faveur d\u2019une crue, le fleuve s\u2019est install\u00e9 sur ses terres. Martin, furieux, maudit le Rh\u00f4ne et [&hellip;]<\/p>\n","protected":false},"author":1,"featured_media":0,"parent":16,"menu_order":10,"comment_status":"closed","ping_status":"closed","template":"","meta":{"footnotes":""},"class_list":["post-170","page","type-page","status-publish","hentry"],"_links":{"self":[{"href":"https:\/\/petirosso.fr\/index.php\/wp-json\/wp\/v2\/pages\/170","targetHints":{"allow":["GET"]}}],"collection":[{"href":"https:\/\/petirosso.fr\/index.php\/wp-json\/wp\/v2\/pages"}],"about":[{"href":"https:\/\/petirosso.fr\/index.php\/wp-json\/wp\/v2\/types\/page"}],"author":[{"embeddable":true,"href":"https:\/\/petirosso.fr\/index.php\/wp-json\/wp\/v2\/users\/1"}],"replies":[{"embeddable":true,"href":"https:\/\/petirosso.fr\/index.php\/wp-json\/wp\/v2\/comments?post=170"}],"version-history":[{"count":1,"href":"https:\/\/petirosso.fr\/index.php\/wp-json\/wp\/v2\/pages\/170\/revisions"}],"predecessor-version":[{"id":171,"href":"https:\/\/petirosso.fr\/index.php\/wp-json\/wp\/v2\/pages\/170\/revisions\/171"}],"up":[{"embeddable":true,"href":"https:\/\/petirosso.fr\/index.php\/wp-json\/wp\/v2\/pages\/16"}],"wp:attachment":[{"href":"https:\/\/petirosso.fr\/index.php\/wp-json\/wp\/v2\/media?parent=170"}],"curies":[{"name":"wp","href":"https:\/\/api.w.org\/{rel}","templated":true}]}}