{"id":162,"date":"2024-10-25T15:28:34","date_gmt":"2024-10-25T13:28:34","guid":{"rendered":"https:\/\/petirosso.fr\/?page_id=162"},"modified":"2024-10-25T15:29:55","modified_gmt":"2024-10-25T13:29:55","slug":"contes-hantes-et-musique-etrange","status":"publish","type":"page","link":"https:\/\/petirosso.fr\/index.php\/page-2\/contes-hantes-et-musique-etrange\/","title":{"rendered":"Contes hant\u00e9s et musique \u00e9trange"},"content":{"rendered":"\n<h2 class=\"wp-block-heading has-large-font-size\">Spectacle de contes en musique<\/h2>\n\n\n\n<figure class=\"wp-block-image aligncenter size-large\"><img loading=\"lazy\" decoding=\"async\" width=\"1024\" height=\"678\" src=\"http:\/\/petirosso.fr\/wp-content\/uploads\/2024\/10\/Contes-hantes-Affiche-neutre-1024x678.jpg\" alt=\"\" class=\"wp-image-158\" srcset=\"https:\/\/petirosso.fr\/wp-content\/uploads\/2024\/10\/Contes-hantes-Affiche-neutre-1024x678.jpg 1024w, https:\/\/petirosso.fr\/wp-content\/uploads\/2024\/10\/Contes-hantes-Affiche-neutre-300x199.jpg 300w, https:\/\/petirosso.fr\/wp-content\/uploads\/2024\/10\/Contes-hantes-Affiche-neutre-768x509.jpg 768w, https:\/\/petirosso.fr\/wp-content\/uploads\/2024\/10\/Contes-hantes-Affiche-neutre.jpg 1386w\" sizes=\"auto, (max-width: 1024px) 100vw, 1024px\" \/><\/figure>\n\n\n\n<p><strong><mark style=\"background-color:rgba(0, 0, 0, 0);color:#0639a6\" class=\"has-inline-color\">Myst\u00e8re<\/mark>, <mark style=\"background-color:rgba(0, 0, 0, 0);color:#0689cc\" class=\"has-inline-color\">po\u00e9sie <\/mark><mark style=\"background-color:rgba(0, 0, 0, 0);color:#3c5ea6\" class=\"has-inline-color\">et<\/mark> <mark style=\"background-color:rgba(0, 0, 0, 0);color:#2f88b0\" class=\"has-inline-color\">humour <\/mark><mark style=\"background-color:rgba(0, 0, 0, 0);color:#3c5ea6\" class=\"has-inline-color\">pour frissonner de peur&#8230;<\/mark><\/strong><\/p>\n\n\n\n<p class=\"has-small-font-size\">Du plus profond du moyen-\u00e2ge jusqu\u2019\u00e0 nos jours, un voyage dans un monde \u00e9trange, peupl\u00e9 de <strong><mark style=\"background-color:rgba(0, 0, 0, 0);color:#72b9de\" class=\"has-inline-color\">spectres<\/mark><\/strong>, <strong><mark style=\"background-color:rgba(0, 0, 0, 0);color:#72b9de\" class=\"has-inline-color\">fant\u00f4mes <\/mark><\/strong>et <strong><mark style=\"background-color:rgba(0, 0, 0, 0);color:#72b9de\" class=\"has-inline-color\">apparitions <\/mark><\/strong>myst\u00e9rieuses.<\/p>\n\n\n\n<p class=\"has-small-font-size\">Dans un univers sonore <strong><mark style=\"background-color:rgba(0, 0, 0, 0);color:#1315e4\" class=\"has-inline-color\">envo\u00fbtant<\/mark><\/strong>, ces cr\u00e9atures d\u2019outre tombe, parfois sinistres, dr\u00f4les ou attachantes nous plongent dans le monde des l\u00e9gendes anciennes.<\/p>\n\n\n\n<hr class=\"wp-block-separator has-alpha-channel-opacity\"\/>\n\n\n\n<p class=\"has-small-font-size\">Le spectacle \u00ab\u00a0Contes hant\u00e9s et musique \u00e9trange\u00a0\u00bb, ce sont cinq contes qui d\u00e9voilent les myst\u00e8res de nos villages. De ruines en ch\u00e2teaux, d\u2019\u00e9tangs en bords de routes, nous croisons les fant\u00f4mes discrets qui hantent ces lieux que nous croyions pourtant bien conna\u00eetre\u00a0!<\/p>\n\n\n\n<p class=\"has-small-font-size\">On ferme les yeux, et on laisse nos oreilles nous transporter\u2026 Le r\u00e9cit est port\u00e9 par la musique&nbsp;: la cloche est nostalgique, le piano inqui\u00e8te, le cor est fier, la bo\u00eete \u00e0 musique intrigue, quand l\u2019orgue est grandiose.<\/p>\n\n\n\n<p class=\"has-small-font-size\">Le spectacle nous offre une palette de contes \u00e9tranges aux ambiances vari\u00e9es:<\/p>\n\n\n\n<p class=\"has-small-font-size\"><strong><mark style=\"background-color:rgba(0, 0, 0, 0);color:#0d79fa\" class=\"has-inline-color\">Humour <\/mark><\/strong>avec \u00ab\u00a0<strong><mark style=\"background-color:rgba(0, 0, 0, 0);color:#0d79fa\" class=\"has-inline-color\">La partie de cartes<\/mark><\/strong>\u00a0\u00bb :   Au c\u0153ur du Moyen-\u00e2ge, Gauthier, intr\u00e9pide jeune homme, doit affronter les fant\u00f4mes qui le terrifient s\u2019il veut devenir chevalier.<\/p>\n\n\n\n<p class=\"has-small-font-size\"><strong><mark style=\"background-color:rgba(0, 0, 0, 0);color:#08649c\" class=\"has-inline-color\">Suspens <\/mark><\/strong>autour \u00ab\u00a0<strong><mark style=\"background-color:rgba(0, 0, 0, 0);color:#08649c\" class=\"has-inline-color\">Des fileuses de Lune\u00a0<\/mark><\/strong>\u00bb :  Au d\u00e9but du si\u00e8cle dernier, d\u2019\u00e9tranges et belles jeunes femmes viennent perturber les paisibles veill\u00e9es d\u2019un petit village de notre r\u00e9gion.<\/p>\n\n\n\n<p class=\"has-small-font-size\"><strong><mark style=\"background-color:rgba(0, 0, 0, 0);color:#62d4f8\" class=\"has-inline-color\">Frisson <\/mark><\/strong>en suivant les \u00ab\u00a0<strong><mark style=\"background-color:rgba(0, 0, 0, 0);color:#62d4f8\" class=\"has-inline-color\">Les lavandi\u00e8res de nuit<\/mark><\/strong>\u00a0\u00bb :  Il y a quelques dizaines d\u2019ann\u00e9es, Jacques, le vacher de la ferme d\u2019\u00e0 c\u00f4t\u00e9 a myst\u00e9rieusement disparu en suivant des voix envo\u00fbtantes qui tintaient dans le brouillard\u2026.<\/p>\n\n\n\n<p class=\"has-small-font-size\"><strong><mark style=\"background-color:rgba(0, 0, 0, 0);color:#4358f9\" class=\"has-inline-color\">Malice <\/mark><\/strong>pour \u00ab\u00a0<strong><mark style=\"background-color:rgba(0, 0, 0, 0);color:#4358f9\" class=\"has-inline-color\">Le festin du squelette<\/mark><\/strong>\u00a0\u00bb :  Cette nuit-l\u00e0, Martin, en rentrant de l\u2019auberge, d\u00e9cide de passer par le cimeti\u00e8re pour gagner du temps. Il croise alors un squelette fort m\u00e9content que Martin ait tap\u00e9 du pied dans son tibia. Pour se faire pardonner, le paysan \u00e9m\u00e9ch\u00e9 invite le squelette \u00e0 d\u00eener chez lui. Est-ce une bonne id\u00e9e\u00a0? .\u2026<\/p>\n\n\n\n<p class=\"has-small-font-size\"><strong><mark style=\"background-color:rgba(0, 0, 0, 0);color:#0acee4\" class=\"has-inline-color\">Tendresse <\/mark><\/strong>et <strong><mark style=\"background-color:rgba(0, 0, 0, 0);color:#0acee4\" class=\"has-inline-color\">myst\u00e8re <\/mark><\/strong>avec \u00ab<strong><mark style=\"background-color:rgba(0, 0, 0, 0);color:#0acee4\" class=\"has-inline-color\">\u00a0La dame blanche<\/mark><\/strong>\u00a0\u00bb :  Depuis des si\u00e8cles, une myst\u00e9rieuse dame blanche arr\u00eate les voyageurs qui passent sur la route. Que cherche-t-elle\u00a0? Quatre \u00e9poques, quatre voyageurs, une m\u00eame histoire \u2026. Enfin, peut-\u00eatre pas tout \u00e0 fait \u2026.<\/p>\n\n\n\n<hr class=\"wp-block-separator has-alpha-channel-opacity\"\/>\n\n\n\n<p class=\"has-small-font-size\"><em><strong>Public<\/strong>: \u00e0 partir de 8 ans<\/em><\/p>\n\n\n\n<p class=\"has-small-font-size\"><em><strong>Dur\u00e9e<\/strong>: 1h15 environ<\/em><\/p>\n","protected":false},"excerpt":{"rendered":"<p>Spectacle de contes en musique Myst\u00e8re, po\u00e9sie et humour pour frissonner de peur&#8230; Du plus profond du moyen-\u00e2ge jusqu\u2019\u00e0 nos jours, un voyage dans un monde \u00e9trange, peupl\u00e9 de spectres, fant\u00f4mes et apparitions myst\u00e9rieuses. Dans un univers sonore envo\u00fbtant, ces cr\u00e9atures d\u2019outre tombe, parfois sinistres, dr\u00f4les ou attachantes nous plongent dans le monde des l\u00e9gendes [&hellip;]<\/p>\n","protected":false},"author":1,"featured_media":0,"parent":16,"menu_order":9,"comment_status":"closed","ping_status":"closed","template":"","meta":{"footnotes":""},"class_list":["post-162","page","type-page","status-publish","hentry"],"_links":{"self":[{"href":"https:\/\/petirosso.fr\/index.php\/wp-json\/wp\/v2\/pages\/162","targetHints":{"allow":["GET"]}}],"collection":[{"href":"https:\/\/petirosso.fr\/index.php\/wp-json\/wp\/v2\/pages"}],"about":[{"href":"https:\/\/petirosso.fr\/index.php\/wp-json\/wp\/v2\/types\/page"}],"author":[{"embeddable":true,"href":"https:\/\/petirosso.fr\/index.php\/wp-json\/wp\/v2\/users\/1"}],"replies":[{"embeddable":true,"href":"https:\/\/petirosso.fr\/index.php\/wp-json\/wp\/v2\/comments?post=162"}],"version-history":[{"count":3,"href":"https:\/\/petirosso.fr\/index.php\/wp-json\/wp\/v2\/pages\/162\/revisions"}],"predecessor-version":[{"id":165,"href":"https:\/\/petirosso.fr\/index.php\/wp-json\/wp\/v2\/pages\/162\/revisions\/165"}],"up":[{"embeddable":true,"href":"https:\/\/petirosso.fr\/index.php\/wp-json\/wp\/v2\/pages\/16"}],"wp:attachment":[{"href":"https:\/\/petirosso.fr\/index.php\/wp-json\/wp\/v2\/media?parent=162"}],"curies":[{"name":"wp","href":"https:\/\/api.w.org\/{rel}","templated":true}]}}