{"id":153,"date":"2024-10-25T15:00:23","date_gmt":"2024-10-25T13:00:23","guid":{"rendered":"https:\/\/petirosso.fr\/?page_id=153"},"modified":"2024-10-25T15:16:29","modified_gmt":"2024-10-25T13:16:29","slug":"petits-contes-du-grand-gargantua","status":"publish","type":"page","link":"https:\/\/petirosso.fr\/index.php\/page-2\/petits-contes-du-grand-gargantua\/","title":{"rendered":"Petits contes du grand Gargantua"},"content":{"rendered":"\n<h2 class=\"wp-block-heading has-large-font-size\">Spectacle de contes en musique<\/h2>\n\n\n\n<figure class=\"wp-block-image aligncenter size-full is-resized\"><img loading=\"lazy\" decoding=\"async\" width=\"595\" height=\"842\" src=\"http:\/\/petirosso.fr\/wp-content\/uploads\/2024\/10\/Gargantua-Affiche-03-avec-musique.png\" alt=\"\" class=\"wp-image-151\" style=\"width:529px;height:auto\" srcset=\"https:\/\/petirosso.fr\/wp-content\/uploads\/2024\/10\/Gargantua-Affiche-03-avec-musique.png 595w, https:\/\/petirosso.fr\/wp-content\/uploads\/2024\/10\/Gargantua-Affiche-03-avec-musique-212x300.png 212w\" sizes=\"auto, (max-width: 595px) 100vw, 595px\" \/><\/figure>\n\n\n\n<p><strong><mark style=\"background-color:rgba(0, 0, 0, 0);color:#f88905\" class=\"has-inline-color\">Suivre Gargantua, le bon g\u00e9ant de nos montagnes et le h\u00e9ros de Rabelais&#8230;<\/mark><\/strong><\/p>\n\n\n\n<p class=\"has-small-font-size\">Il bouscule les sommets, creuse les lacs et apprend le latin. Il est <strong><mark style=\"background-color:rgba(0, 0, 0, 0);color:#cc7805\" class=\"has-inline-color\">dr\u00f4le <\/mark><\/strong>et <strong><mark style=\"background-color:rgba(0, 0, 0, 0);color:#f1cf0e\" class=\"has-inline-color\">savant <\/mark><\/strong>tout \u00e0 la fois ! Quand il ne fait pas la guerre contre Picrochole, il dort \u00e0 l\u2019ombre de la Chartreuse. Un voyage \u00e0 pas de g\u00e9ant entre les contes traditionnels et le texte de Rabelais. Et si on imaginait la <strong><mark style=\"background-color:rgba(0, 0, 0, 0);color:#f8a408\" class=\"has-inline-color\">rencontre <\/mark><\/strong>du bon g\u00e9ant avec l\u2019\u00e9crivain ?<\/p>\n\n\n\n<hr class=\"wp-block-separator has-alpha-channel-opacity\"\/>\n\n\n\n<p class=\"has-small-font-size\">Le spectacle \u00ab&nbsp;Petits contes du grand Gargantua&nbsp;\u00bb, c\u2019est un voyage dans le temps, ce genre de voyages que permettent les contes et la musique. C\u2019est aussi une grande bouff\u00e9e de <strong><mark style=\"background-color:rgba(0, 0, 0, 0);color:#f39807\" class=\"has-inline-color\">fantaisie<\/mark><\/strong>, dans l\u2019esprit des \u00e9crits de Rabelais.<\/p>\n\n\n\n<p class=\"has-small-font-size\">On se retrouve en 1530, lorsque Gargantua, le bon g\u00e9ant, habitait nos montagnes. Quand il avait soif, il buvait le Rh\u00f4ne, quand l\u2019envie lui prenait de \u00ab&nbsp;pisser&nbsp;\u00bb, il cr\u00e9ait la Cascade de Glandieu et quand il voulait se baigner, il creusait le lac L\u00e9man. Jusqu\u2019au jour o\u00f9 Rabelais, qui s\u00e9journait dans la r\u00e9gion, d\u00e9couvre le g\u00e9ant endormi au pied d\u2019une montagne. L\u2019\u00e9crivain le trouve <strong><mark style=\"background-color:rgba(0, 0, 0, 0);color:#28c2bc\" class=\"has-inline-color\">dr\u00f4le<\/mark><\/strong>, <strong><mark style=\"background-color:rgba(0, 0, 0, 0);color:#158a8a\" class=\"has-inline-color\">intelligent <\/mark><\/strong>et <strong><mark style=\"background-color:rgba(0, 0, 0, 0);color:#0b6764\" class=\"has-inline-color\">curieux<\/mark><\/strong>, ce bon g\u00e9ant. Il arrive \u00e0 convaincre Gargantua d\u2019entrer dans son livre pour le rendre plus amusant.<\/p>\n\n\n\n<p class=\"has-small-font-size\">On p\u00e9n\u00e8tre alors dans l\u2019univers de Rabelais parsem\u00e9 de personnages <strong><mark style=\"background-color:rgba(0, 0, 0, 0);color:#f4a907\" class=\"has-inline-color\">fantasques<\/mark><\/strong>, <strong><mark style=\"background-color:rgba(0, 0, 0, 0);color:#f68f02\" class=\"has-inline-color\">truculents <\/mark><\/strong>et pourtant pleins de <mark style=\"background-color:rgba(0, 0, 0, 0);color:#e4890c\" class=\"has-inline-color\"><strong>sagesse<\/strong><\/mark>. En s\u2019amusant, on d\u00e9couvre quelques unes des id\u00e9es de Rabelais quant \u00e0 l\u2019\u00e9ducation ou la bonne gouvernance. On aper\u00e7oit se dessiner au loin l\u2019abbaye de Th\u00e9l\u00e8me et l\u2019utopie de l\u2019\u00e9crivain.<\/p>\n\n\n\n<p class=\"has-small-font-size\">Au rythme du <strong><mark style=\"background-color:rgba(0, 0, 0, 0);color:#57b1c4\" class=\"has-inline-color\">Djemb\u00e9<\/mark><\/strong>, on tremble \u00e0 chaque pas du g\u00e9ant. Avec malice, on <strong><mark style=\"background-color:rgba(0, 0, 0, 0);color:#eb861d\" class=\"has-inline-color\">siffle <\/mark><\/strong>ces m\u00e9lodies traditionnelles qui ont enchant\u00e9 notre enfance. Au son de <strong><mark style=\"background-color:rgba(0, 0, 0, 0);color:#09caf2\" class=\"has-inline-color\">l\u2019harmonica<\/mark><\/strong>, on se prend \u00e0 r\u00eaver d\u2019utopie avec Rabelais.<\/p>\n\n\n\n<hr class=\"wp-block-separator has-alpha-channel-opacity\"\/>\n\n\n\n<p class=\"has-small-font-size\"><em><strong>Public<\/strong>: \u00e0 partir de 8 ans<\/em><\/p>\n\n\n\n<p class=\"has-small-font-size\"><em><strong>Dur\u00e9e<\/strong>: 1h15 environ<\/em><\/p>\n","protected":false},"excerpt":{"rendered":"<p>Spectacle de contes en musique Suivre Gargantua, le bon g\u00e9ant de nos montagnes et le h\u00e9ros de Rabelais&#8230; Il bouscule les sommets, creuse les lacs et apprend le latin. Il est dr\u00f4le et savant tout \u00e0 la fois ! Quand il ne fait pas la guerre contre Picrochole, il dort \u00e0 l\u2019ombre de la Chartreuse. [&hellip;]<\/p>\n","protected":false},"author":1,"featured_media":0,"parent":16,"menu_order":8,"comment_status":"closed","ping_status":"closed","template":"","meta":{"footnotes":""},"class_list":["post-153","page","type-page","status-publish","hentry"],"_links":{"self":[{"href":"https:\/\/petirosso.fr\/index.php\/wp-json\/wp\/v2\/pages\/153","targetHints":{"allow":["GET"]}}],"collection":[{"href":"https:\/\/petirosso.fr\/index.php\/wp-json\/wp\/v2\/pages"}],"about":[{"href":"https:\/\/petirosso.fr\/index.php\/wp-json\/wp\/v2\/types\/page"}],"author":[{"embeddable":true,"href":"https:\/\/petirosso.fr\/index.php\/wp-json\/wp\/v2\/users\/1"}],"replies":[{"embeddable":true,"href":"https:\/\/petirosso.fr\/index.php\/wp-json\/wp\/v2\/comments?post=153"}],"version-history":[{"count":3,"href":"https:\/\/petirosso.fr\/index.php\/wp-json\/wp\/v2\/pages\/153\/revisions"}],"predecessor-version":[{"id":161,"href":"https:\/\/petirosso.fr\/index.php\/wp-json\/wp\/v2\/pages\/153\/revisions\/161"}],"up":[{"embeddable":true,"href":"https:\/\/petirosso.fr\/index.php\/wp-json\/wp\/v2\/pages\/16"}],"wp:attachment":[{"href":"https:\/\/petirosso.fr\/index.php\/wp-json\/wp\/v2\/media?parent=153"}],"curies":[{"name":"wp","href":"https:\/\/api.w.org\/{rel}","templated":true}]}}