{"id":145,"date":"2024-10-25T14:27:32","date_gmt":"2024-10-25T12:27:32","guid":{"rendered":"https:\/\/petirosso.fr\/?page_id=145"},"modified":"2024-10-25T14:28:05","modified_gmt":"2024-10-25T12:28:05","slug":"le-peintre-sans-tableau","status":"publish","type":"page","link":"https:\/\/petirosso.fr\/index.php\/page-2\/le-peintre-sans-tableau\/","title":{"rendered":"Le peintre sans tableau"},"content":{"rendered":"\n<h2 class=\"wp-block-heading has-large-font-size\">Spectacle de contes en musique<\/h2>\n\n\n\n<figure class=\"wp-block-image size-full\"><img loading=\"lazy\" decoding=\"async\" width=\"800\" height=\"515\" src=\"http:\/\/petirosso.fr\/wp-content\/uploads\/2024\/10\/Affiche-peintre-sans-tableau-Sans-texte.png\" alt=\"\" class=\"wp-image-142\" srcset=\"https:\/\/petirosso.fr\/wp-content\/uploads\/2024\/10\/Affiche-peintre-sans-tableau-Sans-texte.png 800w, https:\/\/petirosso.fr\/wp-content\/uploads\/2024\/10\/Affiche-peintre-sans-tableau-Sans-texte-300x193.png 300w, https:\/\/petirosso.fr\/wp-content\/uploads\/2024\/10\/Affiche-peintre-sans-tableau-Sans-texte-768x494.png 768w\" sizes=\"auto, (max-width: 800px) 100vw, 800px\" \/><\/figure>\n\n\n\n<p><strong><mark style=\"background-color:rgba(0, 0, 0, 0);color:#da0404\" class=\"has-inline-color\">Quand le jardin raconte la po\u00e9sie du monde \u2026.<\/mark><\/strong><\/p>\n\n\n\n<p class=\"has-small-font-size\">Avec Victor, sur le chemin de l\u2019\u00e9cole, on entre dans un jardin paisible. On y trouve un vieux <strong><mark style=\"background-color:rgba(0, 0, 0, 0);color:#eb0a0a\" class=\"has-inline-color\">peintre<\/mark><\/strong>, il n\u2019a pas de tableau sur son chevalet, mais des <strong><mark style=\"background-color:rgba(0, 0, 0, 0);color:#039b24\" class=\"has-inline-color\">histoires <\/mark><\/strong>qui nous ouvrent les portes de ce lieu oubli\u00e9.<\/p>\n\n\n\n<p class=\"has-small-font-size\">On prend le temps d\u2019\u00e9couter parler le jardin \u2026\u2026<\/p>\n\n\n\n<hr class=\"wp-block-separator has-alpha-channel-opacity\"\/>\n\n\n\n<p class=\"has-small-font-size\">Le spectacle \u00ab\u00a0<strong><mark style=\"background-color:rgba(0, 0, 0, 0);color:#246e0e\" class=\"has-inline-color\">Le peintre sans tableau<\/mark><\/strong>\u00a0\u00bb, c&#8217;est quatre contes qui s\u2019articulent autour d\u2019un r\u00e9cit fil-rouge plein de tendresse et de po\u00e9sie. Au fur et \u00e0 mesure que l\u2019amiti\u00e9 s\u2019installe entre Victor et le vieux peintre, nous d\u00e9couvrons, avec le petit gar\u00e7on, les histoires secr\u00e8tes du jardin\u00a0:<\/p>\n\n\n\n<p class=\"has-small-font-size\"><strong><mark style=\"background-color:rgba(0, 0, 0, 0);color:#ee2e07\" class=\"has-inline-color\">L\u2019arbre qui voulait rester nu<\/mark><\/strong>\u00a0nous apprend que la diff\u00e9rence peut \u00eatre un atout.<\/p>\n\n\n\n<p class=\"has-small-font-size\">Dans <strong><mark style=\"background-color:rgba(0, 0, 0, 0);color:#fb9d07\" class=\"has-inline-color\">La l\u00e9gende de l\u2019arc en ciel<\/mark><\/strong>, nous suivons le petit Pierre \u00e0 la poursuite du tr\u00e9sor cach\u00e9\u2026 et si le tr\u00e9sor r\u00e9sidait dans la force des r\u00eaves de l\u2019enfant\u00a0?<\/p>\n\n\n\n<p class=\"has-small-font-size\">Avec <strong><mark style=\"background-color:rgba(0, 0, 0, 0);color:#39bf11\" class=\"has-inline-color\">Le coucou et son panache<\/mark><\/strong>\u00a0on s\u2019amuse de la vanit\u00e9 de la huppe et on comprend pourquoi le coucou chante \u00ab\u00a0coucou\u00a0\u00bb.<\/p>\n\n\n\n<p class=\"has-small-font-size\">Enfin, \u00e0\u00a0<strong><mark style=\"background-color:rgba(0, 0, 0, 0);color:#519652\" class=\"has-inline-color\">L\u2019ombre du vieux ch\u00eane<\/mark><\/strong>\u00a0on se moque du commer\u00e7ant trop \u00e9go\u00efste pour partager l\u2019ombre de son arbre.<\/p>\n\n\n\n<p class=\"has-small-font-size\">Le peintre sans tableau nous entra\u00eene conte apr\u00e8s conte dans un monde rempli d\u2019humour et de f\u00e9\u00e9rie.<\/p>\n\n\n\n<p class=\"has-small-font-size\">Tout au long du spectacle, la <strong><mark style=\"background-color:rgba(0, 0, 0, 0);color:#f60202\" class=\"has-inline-color\">musique <\/mark><\/strong>se fait douce ou <mark style=\"background-color:rgba(0, 0, 0, 0);color:#55c20d\" class=\"has-inline-color\"><strong>coquine<\/strong><\/mark>, <mark style=\"background-color:rgba(0, 0, 0, 0);color:#04ca6b\" class=\"has-inline-color\"><strong>espi\u00e8gle <\/strong><\/mark>ou <strong><mark style=\"background-color:rgba(0, 0, 0, 0);color:#de9a07\" class=\"has-inline-color\">c\u00e2line <\/mark><\/strong>selon les univers que nous traversons.<\/p>\n\n\n\n<hr class=\"wp-block-separator has-alpha-channel-opacity\"\/>\n\n\n\n<p><em><strong>Public<\/strong>: \u00e0 partir de 6 ans<\/em><\/p>\n\n\n\n<p><em><strong>Dur\u00e9e<\/strong>: 1h environ<\/em><\/p>\n","protected":false},"excerpt":{"rendered":"<p>Spectacle de contes en musique Quand le jardin raconte la po\u00e9sie du monde \u2026. Avec Victor, sur le chemin de l\u2019\u00e9cole, on entre dans un jardin paisible. On y trouve un vieux peintre, il n\u2019a pas de tableau sur son chevalet, mais des histoires qui nous ouvrent les portes de ce lieu oubli\u00e9. On prend [&hellip;]<\/p>\n","protected":false},"author":1,"featured_media":0,"parent":16,"menu_order":7,"comment_status":"closed","ping_status":"closed","template":"","meta":{"footnotes":""},"class_list":["post-145","page","type-page","status-publish","hentry"],"_links":{"self":[{"href":"https:\/\/petirosso.fr\/index.php\/wp-json\/wp\/v2\/pages\/145","targetHints":{"allow":["GET"]}}],"collection":[{"href":"https:\/\/petirosso.fr\/index.php\/wp-json\/wp\/v2\/pages"}],"about":[{"href":"https:\/\/petirosso.fr\/index.php\/wp-json\/wp\/v2\/types\/page"}],"author":[{"embeddable":true,"href":"https:\/\/petirosso.fr\/index.php\/wp-json\/wp\/v2\/users\/1"}],"replies":[{"embeddable":true,"href":"https:\/\/petirosso.fr\/index.php\/wp-json\/wp\/v2\/comments?post=145"}],"version-history":[{"count":1,"href":"https:\/\/petirosso.fr\/index.php\/wp-json\/wp\/v2\/pages\/145\/revisions"}],"predecessor-version":[{"id":146,"href":"https:\/\/petirosso.fr\/index.php\/wp-json\/wp\/v2\/pages\/145\/revisions\/146"}],"up":[{"embeddable":true,"href":"https:\/\/petirosso.fr\/index.php\/wp-json\/wp\/v2\/pages\/16"}],"wp:attachment":[{"href":"https:\/\/petirosso.fr\/index.php\/wp-json\/wp\/v2\/media?parent=145"}],"curies":[{"name":"wp","href":"https:\/\/api.w.org\/{rel}","templated":true}]}}