{"id":139,"date":"2024-10-25T14:11:00","date_gmt":"2024-10-25T12:11:00","guid":{"rendered":"https:\/\/petirosso.fr\/?page_id=139"},"modified":"2024-10-25T14:11:00","modified_gmt":"2024-10-25T12:11:00","slug":"les-musistoires-de-labribus","status":"publish","type":"page","link":"https:\/\/petirosso.fr\/index.php\/page-2\/les-musistoires-de-labribus\/","title":{"rendered":"Les musistoires de l&#8217;abribus"},"content":{"rendered":"\n<h2 class=\"wp-block-heading has-large-font-size\">Spectacle de contes en musique<\/h2>\n\n\n\n<figure class=\"wp-block-image aligncenter size-large\"><img loading=\"lazy\" decoding=\"async\" width=\"1024\" height=\"680\" src=\"http:\/\/petirosso.fr\/wp-content\/uploads\/2024\/10\/Musistoires-Affiche-neutre-1024x680.png\" alt=\"\" class=\"wp-image-137\" srcset=\"https:\/\/petirosso.fr\/wp-content\/uploads\/2024\/10\/Musistoires-Affiche-neutre-1024x680.png 1024w, https:\/\/petirosso.fr\/wp-content\/uploads\/2024\/10\/Musistoires-Affiche-neutre-300x199.png 300w, https:\/\/petirosso.fr\/wp-content\/uploads\/2024\/10\/Musistoires-Affiche-neutre-768x510.png 768w, https:\/\/petirosso.fr\/wp-content\/uploads\/2024\/10\/Musistoires-Affiche-neutre-1536x1020.png 1536w, https:\/\/petirosso.fr\/wp-content\/uploads\/2024\/10\/Musistoires-Affiche-neutre-2048x1359.png 2048w\" sizes=\"auto, (max-width: 1024px) 100vw, 1024px\" \/><\/figure>\n\n\n\n<p><mark style=\"background-color:rgba(0, 0, 0, 0);color:#3bb2f0\" class=\"has-inline-color\"><strong>A l\u2019arr\u00eat de bus, on fait parfois d\u2019\u00e9tranges rencontres \u2026<\/strong>.<\/mark><\/p>\n\n\n\n<p class=\"has-small-font-size\">Ce jour-l\u00e0 une <strong><mark style=\"background-color:rgba(0, 0, 0, 0);color:#1772f0\" class=\"has-inline-color\">femme press\u00e9e<\/mark><\/strong> s\u2019assoit \u00e0 c\u00f4t\u00e9 d\u2019un <strong><mark style=\"background-color:rgba(0, 0, 0, 0);color:#1627ec\" class=\"has-inline-color\">homme qui a tout son temps<\/mark><\/strong>. Clochard ? Vagabond ? Qui est-il cet homme \u00e9trange qui fait na\u00eetre les oiseaux et le vent, la for\u00eat et la mer d\u2019un simple <strong><mark style=\"background-color:rgba(0, 0, 0, 0);color:#21c7f2\" class=\"has-inline-color\">battement de c\u0153ur<\/mark><\/strong> ?<\/p>\n\n\n\n<p class=\"has-small-font-size\">Entre f\u00e9\u00e9rie et fantastique, une rencontre insolite dans un lieu banal.<\/p>\n\n\n\n<hr class=\"wp-block-separator has-alpha-channel-opacity\"\/>\n\n\n\n<p class=\"has-small-font-size\">Visiblement <strong><mark style=\"background-color:rgba(0, 0, 0, 0);color:#435be4\" class=\"has-inline-color\">pas d\u2019instrument de musique<\/mark><\/strong> et pourtant d\u00e8s que Xavier touche son gilet, on entend battre le c\u0153ur du <strong><mark style=\"background-color:rgba(0, 0, 0, 0);color:#f78a07\" class=\"has-inline-color\">rouge-gorge<\/mark><\/strong>, on sursaute au <strong><mark style=\"background-color:rgba(0, 0, 0, 0);color:#1d0db7\" class=\"has-inline-color\">coup de fusil<\/mark><\/strong>, on se laisse porter par le <strong><mark style=\"background-color:rgba(0, 0, 0, 0);color:#2c76cf\" class=\"has-inline-color\">bruit des vagues<\/mark><\/strong>\u2026 Et, comme par magie, la femme press\u00e9e oublie le bus et voit les r\u00e9cits prendre vie sous ses yeux\u00a0: elle raconte ce que l\u2019homme porte dans son c\u0153ur.<\/p>\n\n\n\n<p class=\"has-small-font-size\">Chaque nouvelle histoire est une <mark style=\"background-color:rgba(0, 0, 0, 0);color:#f78a07\" class=\"has-inline-color\"><strong>rencontre<\/strong><\/mark>. Dans chaque r\u00e9cit deux c\u0153urs se mettent \u00e0 battre de concert et la vie est plus douce.<\/p>\n\n\n\n<p class=\"has-small-font-size\">Finalement, \u00e0 cette femme qui prend le temps qu\u2019elle ne pensait pas avoir, l\u2019homme raconte son voyage <strong><mark style=\"background-color:rgba(0, 0, 0, 0);color:#04f4f4\" class=\"has-inline-color\">fantastique <\/mark><\/strong>\u00e0 travers l\u2019histoire des hommes et toutes ces rencontres qui rendent les choses possibles.<\/p>\n\n\n\n<p class=\"has-small-font-size\">Les musistoires de l\u2019abribus, c\u2019est un vibrant plaidoyer pour la <mark style=\"background-color:rgba(0, 0, 0, 0);color:#f78a07\" class=\"has-inline-color\"><strong>vie vraie<\/strong><\/mark>, celle qui ne s\u2019enferme pas dans un \u00e9cran, celle qui ne se cache pas sous un casque \u2026.<\/p>\n\n\n\n<hr class=\"wp-block-separator has-alpha-channel-opacity\"\/>\n\n\n\n<p class=\"has-small-font-size\"><em><strong>Public<\/strong>: \u00e0 partir de 7 ans<\/em><\/p>\n\n\n\n<p class=\"has-small-font-size\"><em><strong>Dur\u00e9e<\/strong>: 1h15 environ<\/em><\/p>\n","protected":false},"excerpt":{"rendered":"<p>Spectacle de contes en musique A l\u2019arr\u00eat de bus, on fait parfois d\u2019\u00e9tranges rencontres \u2026. Ce jour-l\u00e0 une femme press\u00e9e s\u2019assoit \u00e0 c\u00f4t\u00e9 d\u2019un homme qui a tout son temps. Clochard ? Vagabond ? Qui est-il cet homme \u00e9trange qui fait na\u00eetre les oiseaux et le vent, la for\u00eat et la mer d\u2019un simple battement [&hellip;]<\/p>\n","protected":false},"author":1,"featured_media":0,"parent":16,"menu_order":6,"comment_status":"closed","ping_status":"closed","template":"","meta":{"footnotes":""},"class_list":["post-139","page","type-page","status-publish","hentry"],"_links":{"self":[{"href":"https:\/\/petirosso.fr\/index.php\/wp-json\/wp\/v2\/pages\/139","targetHints":{"allow":["GET"]}}],"collection":[{"href":"https:\/\/petirosso.fr\/index.php\/wp-json\/wp\/v2\/pages"}],"about":[{"href":"https:\/\/petirosso.fr\/index.php\/wp-json\/wp\/v2\/types\/page"}],"author":[{"embeddable":true,"href":"https:\/\/petirosso.fr\/index.php\/wp-json\/wp\/v2\/users\/1"}],"replies":[{"embeddable":true,"href":"https:\/\/petirosso.fr\/index.php\/wp-json\/wp\/v2\/comments?post=139"}],"version-history":[{"count":1,"href":"https:\/\/petirosso.fr\/index.php\/wp-json\/wp\/v2\/pages\/139\/revisions"}],"predecessor-version":[{"id":140,"href":"https:\/\/petirosso.fr\/index.php\/wp-json\/wp\/v2\/pages\/139\/revisions\/140"}],"up":[{"embeddable":true,"href":"https:\/\/petirosso.fr\/index.php\/wp-json\/wp\/v2\/pages\/16"}],"wp:attachment":[{"href":"https:\/\/petirosso.fr\/index.php\/wp-json\/wp\/v2\/media?parent=139"}],"curies":[{"name":"wp","href":"https:\/\/api.w.org\/{rel}","templated":true}]}}