{"id":123,"date":"2024-10-25T10:04:10","date_gmt":"2024-10-25T08:04:10","guid":{"rendered":"https:\/\/petirosso.fr\/?page_id=123"},"modified":"2024-10-25T10:41:37","modified_gmt":"2024-10-25T08:41:37","slug":"les-contes-qui-grimpent-aux-arbres","status":"publish","type":"page","link":"https:\/\/petirosso.fr\/index.php\/page-2\/les-contes-qui-grimpent-aux-arbres\/","title":{"rendered":"Les contes qui grimpent aux arbres"},"content":{"rendered":"\n<h2 class=\"wp-block-heading has-large-font-size\">Spectacle de contes en musique<\/h2>\n\n\n\n<figure class=\"wp-block-image aligncenter size-large is-resized\"><img loading=\"lazy\" decoding=\"async\" width=\"775\" height=\"1024\" src=\"http:\/\/petirosso.fr\/wp-content\/uploads\/2024\/10\/Les-contes-qui-grimpent-aux-arbres-Affiche-neutre-775x1024.png\" alt=\"\" class=\"wp-image-120\" style=\"width:455px;height:auto\" srcset=\"https:\/\/petirosso.fr\/wp-content\/uploads\/2024\/10\/Les-contes-qui-grimpent-aux-arbres-Affiche-neutre-775x1024.png 775w, https:\/\/petirosso.fr\/wp-content\/uploads\/2024\/10\/Les-contes-qui-grimpent-aux-arbres-Affiche-neutre-227x300.png 227w, https:\/\/petirosso.fr\/wp-content\/uploads\/2024\/10\/Les-contes-qui-grimpent-aux-arbres-Affiche-neutre-768x1014.png 768w, https:\/\/petirosso.fr\/wp-content\/uploads\/2024\/10\/Les-contes-qui-grimpent-aux-arbres-Affiche-neutre-1163x1536.png 1163w, https:\/\/petirosso.fr\/wp-content\/uploads\/2024\/10\/Les-contes-qui-grimpent-aux-arbres-Affiche-neutre-1551x2048.png 1551w, https:\/\/petirosso.fr\/wp-content\/uploads\/2024\/10\/Les-contes-qui-grimpent-aux-arbres-Affiche-neutre.png 1581w\" sizes=\"auto, (max-width: 775px) 100vw, 775px\" \/><\/figure>\n\n\n\n<p class=\"has-medium-font-size\"><strong><mark style=\"background-color:rgba(0, 0, 0, 0);color:#d56d0f\" class=\"has-inline-color\">Suivre le chant du grand ch\u00eane et d\u00e9couvrir ses amis &#8230;<\/mark><\/strong><\/p>\n\n\n\n<p class=\"has-small-font-size\">Au c\u0153ur de la for\u00eat, il y a une colline et en haut de la colline se trouve un <strong><mark style=\"background-color:rgba(0, 0, 0, 0);color:#098c0f\" class=\"has-inline-color\">grand arbre<\/mark><\/strong>, un vieux ch\u00eane aux racines puissantes dont les branches chatouillent le ciel en se tortillant de plaisir&nbsp;!<\/p>\n\n\n\n<p class=\"has-small-font-size\">Le ch\u00eane est entour\u00e9 de nombreux amis&nbsp;: le bouleau blanc, le tilleul au parfum de miel, le fr\u00eane paresseux et une poign\u00e9e d\u2019\u00e9rables aux couleurs magiques. Le grand arbre est heureux au milieu de ses amis et eux aiment ce vieux ch\u00eane qui chante sa<strong><mark style=\"background-color:rgba(0, 0, 0, 0);color:#ea9836\" class=\"has-inline-color\"> joie de vivre<\/mark><\/strong> \u00e0 longueur de journ\u00e9es&nbsp;!<\/p>\n\n\n\n<p class=\"has-small-font-size\">Un jour cependant, une <strong><mark style=\"background-color:rgba(0, 0, 0, 0);color:#ec6883\" class=\"has-inline-color\">temp\u00eate <\/mark><\/strong>terrible s\u2019abat sur la colline. Le vieil arbre craque, tremble et grince dans le vent. Ses racines solides le retiennent \u00e0 la terre et le ch\u00eane r\u00e9siste \u00e0 la temp\u00eate \u2026 soulag\u00e9 il voit enfin dispara\u00eetre bourrasques et gr\u00ealons \u00e0 l\u2019horizon\u2026..mais quand il baisse les yeux, il d\u00e9couvre tous ces amis couch\u00e9s au sol.<\/p>\n\n\n\n<p class=\"has-small-font-size\">Le grand arbre est seul \u00e0 pr\u00e9sent. Il se met \u00e0 <strong><mark style=\"background-color:rgba(0, 0, 0, 0);color:#0a770f\" class=\"has-inline-color\">pleurer <\/mark><\/strong>une triste m\u00e9lodie qui emporte ses larmes dans la for\u00eat\u2026.<\/p>\n\n\n\n<p class=\"has-small-font-size\">Le grand ch\u00eane n\u2019imagine pas encore que cette jolie musique lui am\u00e8nera de nombreux amis, de nouveaux compagnons qui lui rendront sa joie de vivre\u2026.<\/p>\n\n\n\n<hr class=\"wp-block-separator has-alpha-channel-opacity\"\/>\n\n\n\n<p class=\"has-small-font-size\">Dans un d\u00e9cor de branchages habit\u00e9s des animaux de la for\u00eat, nous suivons la musique du grand arbre et nous d\u00e9couvrons les habitants des bois dont les vies ont \u00e9t\u00e9, elles aussi, bouscul\u00e9es par la temp\u00eate.<\/p>\n\n\n\n<p class=\"has-small-font-size\">Ce sont les notes de musique du grand arbre, port\u00e9es par la brise, qui guideront les <strong><mark style=\"background-color:rgba(0, 0, 0, 0);color:#e19730\" class=\"has-inline-color\">lapereaux <\/mark><\/strong>jusqu\u2019\u00e0 la colline o\u00f9 ils retrouveront leur maman, \u00e9galement attir\u00e9e par la douce m\u00e9lodie.<\/p>\n\n\n\n<p class=\"has-small-font-size\">C\u2019est aussi la belle chanson du ch\u00eane qui r\u00e9chauffera le c\u0153ur de l\u2019<strong><mark style=\"background-color:rgba(0, 0, 0, 0);color:#834708\" class=\"has-inline-color\">\u00e9cureuil<\/mark><\/strong> et lui permettra de retrouver un abri.<\/p>\n\n\n\n<p class=\"has-small-font-size\">C\u2019est encore le ch\u00eane malicieux qui aidera monsieur <strong><mark style=\"background-color:rgba(0, 0, 0, 0);color:#3a731e\" class=\"has-inline-color\">cigale <\/mark><\/strong>\u00e0 trouver une fianc\u00e9e&nbsp;!<\/p>\n\n\n\n<p class=\"has-small-font-size\">De branche en branche, de musique en m\u00e9lodie on d\u00e9couvre tous ces petits habitants des bois qui font la vie de la for\u00eat.<\/p>\n\n\n\n<hr class=\"wp-block-separator has-alpha-channel-opacity\"\/>\n\n\n\n<p class=\"has-small-font-size\"><em><strong>Public<\/strong>: de 3 \u00e0 6 ans<\/em><\/p>\n\n\n\n<p class=\"has-small-font-size\"><em><strong>Dur\u00e9e<\/strong>: 45 mn environ<\/em><\/p>\n","protected":false},"excerpt":{"rendered":"<p>Spectacle de contes en musique Suivre le chant du grand ch\u00eane et d\u00e9couvrir ses amis &#8230; Au c\u0153ur de la for\u00eat, il y a une colline et en haut de la colline se trouve un grand arbre, un vieux ch\u00eane aux racines puissantes dont les branches chatouillent le ciel en se tortillant de plaisir&nbsp;! Le [&hellip;]<\/p>\n","protected":false},"author":1,"featured_media":0,"parent":16,"menu_order":5,"comment_status":"closed","ping_status":"closed","template":"","meta":{"footnotes":""},"class_list":["post-123","page","type-page","status-publish","hentry"],"_links":{"self":[{"href":"https:\/\/petirosso.fr\/index.php\/wp-json\/wp\/v2\/pages\/123","targetHints":{"allow":["GET"]}}],"collection":[{"href":"https:\/\/petirosso.fr\/index.php\/wp-json\/wp\/v2\/pages"}],"about":[{"href":"https:\/\/petirosso.fr\/index.php\/wp-json\/wp\/v2\/types\/page"}],"author":[{"embeddable":true,"href":"https:\/\/petirosso.fr\/index.php\/wp-json\/wp\/v2\/users\/1"}],"replies":[{"embeddable":true,"href":"https:\/\/petirosso.fr\/index.php\/wp-json\/wp\/v2\/comments?post=123"}],"version-history":[{"count":3,"href":"https:\/\/petirosso.fr\/index.php\/wp-json\/wp\/v2\/pages\/123\/revisions"}],"predecessor-version":[{"id":134,"href":"https:\/\/petirosso.fr\/index.php\/wp-json\/wp\/v2\/pages\/123\/revisions\/134"}],"up":[{"embeddable":true,"href":"https:\/\/petirosso.fr\/index.php\/wp-json\/wp\/v2\/pages\/16"}],"wp:attachment":[{"href":"https:\/\/petirosso.fr\/index.php\/wp-json\/wp\/v2\/media?parent=123"}],"curies":[{"name":"wp","href":"https:\/\/api.w.org\/{rel}","templated":true}]}}