{"id":114,"date":"2024-10-24T18:28:46","date_gmt":"2024-10-24T16:28:46","guid":{"rendered":"https:\/\/petirosso.fr\/?page_id=114"},"modified":"2024-10-25T10:40:36","modified_gmt":"2024-10-25T08:40:36","slug":"sur-les-traces-de-marco-polo","status":"publish","type":"page","link":"https:\/\/petirosso.fr\/index.php\/page-2\/sur-les-traces-de-marco-polo\/","title":{"rendered":"Sur les traces de Marco Polo"},"content":{"rendered":"\n<h2 class=\"wp-block-heading has-large-font-size\">Spectacle de contes en musique<\/h2>\n\n\n\n<figure class=\"wp-block-image aligncenter size-large is-resized\"><img loading=\"lazy\" decoding=\"async\" width=\"783\" height=\"1024\" src=\"http:\/\/petirosso.fr\/wp-content\/uploads\/2024\/10\/Affiche-Marco-polo-avec-decoupe-3-783x1024.png\" alt=\"\" class=\"wp-image-112\" style=\"width:480px;height:auto\" srcset=\"https:\/\/petirosso.fr\/wp-content\/uploads\/2024\/10\/Affiche-Marco-polo-avec-decoupe-3-783x1024.png 783w, https:\/\/petirosso.fr\/wp-content\/uploads\/2024\/10\/Affiche-Marco-polo-avec-decoupe-3-229x300.png 229w, https:\/\/petirosso.fr\/wp-content\/uploads\/2024\/10\/Affiche-Marco-polo-avec-decoupe-3-768x1005.png 768w, https:\/\/petirosso.fr\/wp-content\/uploads\/2024\/10\/Affiche-Marco-polo-avec-decoupe-3-1174x1536.png 1174w, https:\/\/petirosso.fr\/wp-content\/uploads\/2024\/10\/Affiche-Marco-polo-avec-decoupe-3.png 1207w\" sizes=\"auto, (max-width: 783px) 100vw, 783px\" \/><\/figure>\n\n\n\n<p class=\"has-medium-font-size\"><strong><mark style=\"background-color:rgba(0, 0, 0, 0);color:#7c310b\" class=\"has-inline-color\">Partir en voyage sur les routes de la soie, comme Marco Polo\u2026<\/mark><\/strong><\/p>\n\n\n\n<p class=\"has-small-font-size\">De <strong><mark style=\"background-color:rgba(0, 0, 0, 0);color:#c31010\" class=\"has-inline-color\">Venise<\/mark><\/strong>, magique, \u00e0 <mark style=\"background-color:rgba(0, 0, 0, 0);color:#df8f21\" class=\"has-inline-color\"><strong>Kambalique <\/strong><\/mark>la lointaine capitale des empereurs <strong><mark style=\"background-color:rgba(0, 0, 0, 0);color:#d93106\" class=\"has-inline-color\">Mongols<\/mark><\/strong>, traverser les steppes d\u2019Asie centrale et les d\u00e9serts arides au rythme des chameaux.<\/p>\n\n\n\n<p class=\"has-small-font-size\">Au d\u00e9tour des pistes, on rencontrera <strong><mark style=\"background-color:rgba(0, 0, 0, 0);color:#f0a910\" class=\"has-inline-color\">Nasredine<\/mark><\/strong> le malicieux ou la sorci\u00e8re Mongole qui tient le destin de l\u2019homme entre ses mains. Arriv\u00e9 dans la <strong><mark style=\"background-color:rgba(0, 0, 0, 0);color:#ac4d23\" class=\"has-inline-color\">Chine<\/mark><\/strong> myst\u00e9rieuse on tremblera avec le jeune Ma Liang qui, arm\u00e9 de son seul pinceau, devra lutter contre le gouverneur cruel et apprendre \u00e0 dompter ses propres \u00e9motions.<\/p>\n\n\n\n<p class=\"has-small-font-size\">De conte en l\u00e9gende, nous d\u00e9couvrirons les merveilles de l\u2019Asie, en vibrant aux sons d\u2019instruments \u00e9tranges. <strong><mark style=\"background-color:rgba(0, 0, 0, 0);color:#b11515\" class=\"has-inline-color\">Th\u00e9r\u00e9mine <\/mark><\/strong>invisible, <mark style=\"background-color:rgba(0, 0, 0, 0);color:#ee610d\" class=\"has-inline-color\"><strong>darbouka<\/strong> <\/mark>espi\u00e8gle, <mark style=\"background-color:rgba(0, 0, 0, 0);color:#b26b08\" class=\"has-inline-color\"><strong>djemb\u00e9<\/strong> <\/mark>puissant et <strong><mark style=\"background-color:rgba(0, 0, 0, 0);color:#d17433\" class=\"has-inline-color\">bols Tib\u00e9tains<\/mark><\/strong> envo\u00fbtants seront nos compagnons de route.<\/p>\n\n\n\n<hr class=\"wp-block-separator has-alpha-channel-opacity\"\/>\n\n\n\n<p class=\"has-small-font-size\"><em><strong>Public<\/strong>: \u00e0 partir de 6 ans<\/em><\/p>\n\n\n\n<p class=\"has-small-font-size\"><em><strong>Dur\u00e9e<\/strong>: 1h15 environ<\/em><\/p>\n","protected":false},"excerpt":{"rendered":"<p>Spectacle de contes en musique Partir en voyage sur les routes de la soie, comme Marco Polo\u2026 De Venise, magique, \u00e0 Kambalique la lointaine capitale des empereurs Mongols, traverser les steppes d\u2019Asie centrale et les d\u00e9serts arides au rythme des chameaux. Au d\u00e9tour des pistes, on rencontrera Nasredine le malicieux ou la sorci\u00e8re Mongole qui [&hellip;]<\/p>\n","protected":false},"author":1,"featured_media":0,"parent":16,"menu_order":4,"comment_status":"closed","ping_status":"closed","template":"","meta":{"footnotes":""},"class_list":["post-114","page","type-page","status-publish","hentry"],"_links":{"self":[{"href":"https:\/\/petirosso.fr\/index.php\/wp-json\/wp\/v2\/pages\/114","targetHints":{"allow":["GET"]}}],"collection":[{"href":"https:\/\/petirosso.fr\/index.php\/wp-json\/wp\/v2\/pages"}],"about":[{"href":"https:\/\/petirosso.fr\/index.php\/wp-json\/wp\/v2\/types\/page"}],"author":[{"embeddable":true,"href":"https:\/\/petirosso.fr\/index.php\/wp-json\/wp\/v2\/users\/1"}],"replies":[{"embeddable":true,"href":"https:\/\/petirosso.fr\/index.php\/wp-json\/wp\/v2\/comments?post=114"}],"version-history":[{"count":3,"href":"https:\/\/petirosso.fr\/index.php\/wp-json\/wp\/v2\/pages\/114\/revisions"}],"predecessor-version":[{"id":133,"href":"https:\/\/petirosso.fr\/index.php\/wp-json\/wp\/v2\/pages\/114\/revisions\/133"}],"up":[{"embeddable":true,"href":"https:\/\/petirosso.fr\/index.php\/wp-json\/wp\/v2\/pages\/16"}],"wp:attachment":[{"href":"https:\/\/petirosso.fr\/index.php\/wp-json\/wp\/v2\/media?parent=114"}],"curies":[{"name":"wp","href":"https:\/\/api.w.org\/{rel}","templated":true}]}}