{"id":105,"date":"2024-10-24T17:59:23","date_gmt":"2024-10-24T15:59:23","guid":{"rendered":"https:\/\/petirosso.fr\/?page_id=105"},"modified":"2024-10-25T10:40:08","modified_gmt":"2024-10-25T08:40:08","slug":"secrets-de-gnomes","status":"publish","type":"page","link":"https:\/\/petirosso.fr\/index.php\/page-2\/secrets-de-gnomes\/","title":{"rendered":"Secrets de gnomes"},"content":{"rendered":"\n<h2 class=\"wp-block-heading has-large-font-size\">Spectacle de contes en musique<\/h2>\n\n\n\n<figure class=\"wp-block-image aligncenter size-full is-resized\"><img loading=\"lazy\" decoding=\"async\" width=\"564\" height=\"843\" src=\"http:\/\/petirosso.fr\/wp-content\/uploads\/2024\/10\/Secrets-de-gnomes-Affiche-neutre.png\" alt=\"\" class=\"wp-image-103\" style=\"width:482px;height:auto\" srcset=\"https:\/\/petirosso.fr\/wp-content\/uploads\/2024\/10\/Secrets-de-gnomes-Affiche-neutre.png 564w, https:\/\/petirosso.fr\/wp-content\/uploads\/2024\/10\/Secrets-de-gnomes-Affiche-neutre-201x300.png 201w\" sizes=\"auto, (max-width: 564px) 100vw, 564px\" \/><\/figure>\n\n\n\n<p class=\"has-medium-font-size\"><strong><mark style=\"background-color:rgba(0, 0, 0, 0);color:#387a2f\" class=\"has-inline-color\">A la rencontre des petits peuples &#8230;<\/mark><\/strong><\/p>\n\n\n\n<p class=\"has-small-font-size\">Voyager en suivant les traces des <strong><mark style=\"background-color:rgba(0, 0, 0, 0);color:#44853d\" class=\"has-inline-color\">petits \u00eatres<\/mark><\/strong> qui, depuis toujours, peuplent nos plus vieilles l\u00e9gendes \u2026<\/p>\n\n\n\n<p class=\"has-small-font-size\">Avec les <strong><mark style=\"background-color:rgba(0, 0, 0, 0);color:#e58d14\" class=\"has-inline-color\">Fayes<\/mark><\/strong>, <strong><mark style=\"background-color:rgba(0, 0, 0, 0);color:#8abc72\" class=\"has-inline-color\">Pixies <\/mark><\/strong>et autres <strong><mark style=\"background-color:rgba(0, 0, 0, 0);color:#359564\" class=\"has-inline-color\">Elfes<\/mark><\/strong>, traverser les \u00e2ges, franchir les mers et gravir les montagnes en d\u00e9roulant le fil des r\u00e9cits ancestraux venus jusqu\u2019\u00e0 nous, port\u00e9s par le vent.<\/p>\n\n\n\n<p class=\"has-small-font-size\">Des vall\u00e9es de l\u2019<strong><mark style=\"background-color:rgba(0, 0, 0, 0);color:#346d3d\" class=\"has-inline-color\">Ard\u00e8che<\/mark><\/strong> aux collines du <strong><mark style=\"background-color:rgba(0, 0, 0, 0);color:#e77316\" class=\"has-inline-color\">Devonshire <\/mark><\/strong>en passant par les <strong><mark style=\"background-color:rgba(0, 0, 0, 0);color:#3f9949\" class=\"has-inline-color\">landes bretonnes<\/mark><\/strong>, c\u2019est un tourbillon de contes \u00e9tranges et po\u00e9tiques qui vous fera d\u00e9couvrir le monde \u00e0 hauteur de lutins.<\/p>\n\n\n\n<p class=\"has-small-font-size\">Souvent <strong><mark style=\"background-color:rgba(0, 0, 0, 0);color:#5a7e45\" class=\"has-inline-color\">inqui\u00e9tants<\/mark><\/strong>, parfois <strong><mark style=\"background-color:rgba(0, 0, 0, 0);color:#ec801c\" class=\"has-inline-color\">dr\u00f4les <\/mark><\/strong>et toujours <strong><mark style=\"background-color:rgba(0, 0, 0, 0);color:#77d13c\" class=\"has-inline-color\">tendres <\/mark><\/strong>ces petits peuples vous prendront par la main dans un univers o\u00f9 la moindre bruy\u00e8re est un arbre g\u00e9ant, l\u00e0 o\u00f9 une colline devient une montagne vertigineuse !<\/p>\n\n\n\n<p class=\"has-small-font-size\">Au son magique de la <strong><mark style=\"background-color:rgba(0, 0, 0, 0);color:#d20d0d\" class=\"has-inline-color\">harpe celtique<\/mark><\/strong>, vous partirez, avec eux, dans un pays lointain qui s\u2019\u00e9tend \u00e0 nos pieds !<\/p>\n\n\n\n<hr class=\"wp-block-separator has-alpha-channel-opacity\"\/>\n\n\n\n<p class=\"has-small-font-size\">Dans un d\u00e9cor de cartes, sacs et valises sugg\u00e9rant le voyage, le public d\u00e9couvrira les r\u00e9cits de ces rencontres \u00e9tranges entre les humains et les petits peuples qu\u2019ils ont imagin\u00e9s.<\/p>\n\n\n\n<p class=\"has-small-font-size\">Port\u00e9s par la musique, les spectateurs rencontreront tour \u00e0 tour quatre peuples de petits \u00eatres myst\u00e9rieux.<\/p>\n\n\n\n<p class=\"has-small-font-size\">Dans la vall\u00e9e du Doux en Ard\u00e8che, ils croiseront les <strong><mark style=\"background-color:rgba(0, 0, 0, 0);color:#e77e35\" class=\"has-inline-color\">Fayes<\/mark><\/strong>, ces joyeuses petites f\u00e9es qui soudain perdent toute leur joie de vivre. Dans le Devonshire, aux c\u00f4t\u00e9s de Jimmy, le petit orphelin, ils apprendront \u00e0 conna\u00eetre le terrible <strong><mark style=\"background-color:rgba(0, 0, 0, 0);color:#afe097\" class=\"has-inline-color\">Pixie <\/mark><\/strong>de Dartmoor. En Bretagne, ils plongeront au c\u0153ur de la soci\u00e9t\u00e9 des <strong><mark style=\"background-color:rgba(0, 0, 0, 0);color:#5b8e4a\" class=\"has-inline-color\">Korrigans<\/mark><\/strong>, des petits gnomes aux pouvoirs inqui\u00e9tants. Enfin, ils suivront les d\u00e9boires de Romuald, ce jeune prince un peu trop s\u00e9rieux qui, sans l&#8217;aide des <strong><mark style=\"background-color:rgba(0, 0, 0, 0);color:#f1420c\" class=\"has-inline-color\">elfes de l&#8217;aub\u00e9pine<\/mark><\/strong>, n&#8217;arrivera jamais \u00e0 s\u00e9duire la jeune fille dont il est amoureux &#8230;<\/p>\n\n\n\n<hr class=\"wp-block-separator has-alpha-channel-opacity\"\/>\n\n\n\n<p class=\"has-small-font-size\"><em><strong>Public<\/strong>: \u00e0 partir de 6 ans<\/em><\/p>\n\n\n\n<p class=\"has-small-font-size\"><em><strong>Dur\u00e9e<\/strong>: 1h15 environ<\/em><\/p>\n","protected":false},"excerpt":{"rendered":"<p>Spectacle de contes en musique A la rencontre des petits peuples &#8230; Voyager en suivant les traces des petits \u00eatres qui, depuis toujours, peuplent nos plus vieilles l\u00e9gendes \u2026 Avec les Fayes, Pixies et autres Elfes, traverser les \u00e2ges, franchir les mers et gravir les montagnes en d\u00e9roulant le fil des r\u00e9cits ancestraux venus jusqu\u2019\u00e0 [&hellip;]<\/p>\n","protected":false},"author":1,"featured_media":0,"parent":16,"menu_order":3,"comment_status":"closed","ping_status":"closed","template":"","meta":{"footnotes":""},"class_list":["post-105","page","type-page","status-publish","hentry"],"_links":{"self":[{"href":"https:\/\/petirosso.fr\/index.php\/wp-json\/wp\/v2\/pages\/105","targetHints":{"allow":["GET"]}}],"collection":[{"href":"https:\/\/petirosso.fr\/index.php\/wp-json\/wp\/v2\/pages"}],"about":[{"href":"https:\/\/petirosso.fr\/index.php\/wp-json\/wp\/v2\/types\/page"}],"author":[{"embeddable":true,"href":"https:\/\/petirosso.fr\/index.php\/wp-json\/wp\/v2\/users\/1"}],"replies":[{"embeddable":true,"href":"https:\/\/petirosso.fr\/index.php\/wp-json\/wp\/v2\/comments?post=105"}],"version-history":[{"count":4,"href":"https:\/\/petirosso.fr\/index.php\/wp-json\/wp\/v2\/pages\/105\/revisions"}],"predecessor-version":[{"id":132,"href":"https:\/\/petirosso.fr\/index.php\/wp-json\/wp\/v2\/pages\/105\/revisions\/132"}],"up":[{"embeddable":true,"href":"https:\/\/petirosso.fr\/index.php\/wp-json\/wp\/v2\/pages\/16"}],"wp:attachment":[{"href":"https:\/\/petirosso.fr\/index.php\/wp-json\/wp\/v2\/media?parent=105"}],"curies":[{"name":"wp","href":"https:\/\/api.w.org\/{rel}","templated":true}]}}